{"id":1135,"date":"2023-10-14T08:43:18","date_gmt":"2023-10-14T08:43:18","guid":{"rendered":"https:\/\/preabsacheol.ie\/caitlin-nic-giolla-casu\/"},"modified":"2023-10-20T00:17:56","modified_gmt":"2023-10-20T00:17:56","slug":"caitlin-nic-giolla-casu","status":"publish","type":"page","link":"https:\/\/www.preabsacheol.ie\/en\/caitlin-nic-giolla-casu\/","title":{"rendered":"Caitl\u00edn Nic Giolla Cas\u00fa"},"content":{"rendered":"\n<div class=\"song-group nfd-my-0 nfd-container nfd-p-lg nfd-bg-gray-100 md:nfd-border-none wp-block-group alignfull has-vivid-red-color has-nv-light-bg-background-color has-text-color has-background is-layout-flow wp-container-core-group-is-layout-330ce275 wp-block-group-is-layout-flow\" style=\"border-right-color:var(--wp--preset--color--white);border-right-width:32px;border-left-color:var(--wp--preset--color--white);border-left-width:32px;font-size:31px\">\n<h1 class=\"wp-block-heading has-text-align-center\"><a href=\"https:\/\/www.youtube.com\/watch?v=YfvGvsUwyRY\">Caitl\u00edn Nic Giolla Cas\u00fa<\/a><\/h1>\n\n\n\n<div class=\"wp-block-columns is-layout-flex wp-container-core-columns-is-layout-28f84493 wp-block-columns-is-layout-flex\">\n<div class=\"wp-block-column is-layout-flow wp-block-column-is-layout-flow\" style=\"flex-basis:33%\">\n<h2 class=\"wp-block-heading\">Play the Kazoo!<\/h2>\n\n\n\n<figure class=\"wp-block-video\"><video height=\"480\" style=\"aspect-ratio: 848 \/ 480;\" width=\"848\" controls src=\"https:\/\/preabsacheol.ie\/wp-content\/uploads\/2023\/10\/VID-20231014-WA0000_2.mp4\"><\/video><\/figure>\n<\/div>\n\n\n\n<div class=\"wp-block-column is-layout-flow wp-block-column-is-layout-flow\" style=\"flex-basis:66%\">\n<h2 class=\"wp-block-heading has-text-align-center\">The Song<\/h2>\n\n\n\n<figure class=\"wp-embed-aspect-16-9 wp-has-aspect-ratio wp-block-embed is-type-video is-provider-youtube wp-block-embed-youtube\" style=\"margin-bottom:var(--wp--preset--spacing--80)\"><div class=\"wp-block-embed__wrapper\">\n<div class=\"nv-iframe-embed\"><div class=\"container-lazyload preview-lazyload container-youtube js-lazyload--not-loaded\"><a href=\"https:\/\/www.youtube.com\/watch?v=hcSCaKh9h2E\" class=\"lazy-load-youtube preview-lazyload preview-youtube\" data-video-title=\"Caitl\u00edn Nic Giolla Cas\u00fa\" title=\"Play video &quot;Caitl\u00edn Nic Giolla Cas\u00fa&quot;\">https:\/\/www.youtube.com\/watch?v=hcSCaKh9h2E<\/a><noscript>Video can&#8217;t be loaded because JavaScript is disabled: <a href=\"https:\/\/www.youtube.com\/watch?v=hcSCaKh9h2E\" title=\"Caitl\u00edn Nic Giolla Cas\u00fa\">Caitl\u00edn Nic Giolla Cas\u00fa (https:\/\/www.youtube.com\/watch?v=hcSCaKh9h2E)<\/a><\/noscript><\/div><\/div>\n<\/div><\/figure>\n\n\n\n<h2 class=\"wp-block-heading has-text-align-center\">The Dance Movements<\/h2>\n\n\n\n<figure class=\"wp-embed-aspect-16-9 wp-has-aspect-ratio wp-block-embed is-type-video is-provider-youtube wp-block-embed-youtube\" style=\"margin-bottom:var(--wp--preset--spacing--80)\"><div class=\"wp-block-embed__wrapper\">\n<div class=\"nv-iframe-embed\"><div class=\"container-lazyload preview-lazyload container-youtube js-lazyload--not-loaded\"><a href=\"https:\/\/www.youtube.com\/watch?v=HvHdF7tHAFg\" class=\"lazy-load-youtube preview-lazyload preview-youtube\" data-video-title=\"Caitl\u00edn Nic Giolla Cas\u00fa (Gluaiseachta\u00ed)\" title=\"Play video &quot;Caitl\u00edn Nic Giolla Cas\u00fa (Gluaiseachta\u00ed)&quot;\">https:\/\/www.youtube.com\/watch?v=HvHdF7tHAFg<\/a><noscript>Video can&#8217;t be loaded because JavaScript is disabled: <a href=\"https:\/\/www.youtube.com\/watch?v=HvHdF7tHAFg\" title=\"Caitl\u00edn Nic Giolla Cas\u00fa (Gluaiseachta\u00ed)\">Caitl\u00edn Nic Giolla Cas\u00fa (Gluaiseachta\u00ed) (https:\/\/www.youtube.com\/watch?v=HvHdF7tHAFg)<\/a><\/noscript><\/div><\/div>\n<\/div><\/figure>\n<\/div>\n<\/div>\n<\/div>\n\n\n\n<div class=\"wp-block-group is-layout-constrained wp-block-group-is-layout-constrained\">\n<div class=\"wp-block-columns is-layout-flex wp-container-core-columns-is-layout-28f84493 wp-block-columns-is-layout-flex\">\n<div class=\"wp-block-column is-layout-flow wp-block-column-is-layout-flow\"><\/div>\n<\/div>\n<\/div>\n\n\n\n<div class=\"song-audio nfd-my-0 nfd-container nfd-p-lg nfd-bg-gray-100 md:nfd-border-none wp-block-group alignfull has-vivid-red-color has-nv-text-dark-bg-background-color has-text-color has-background is-layout-flow wp-container-core-group-is-layout-330ce275 wp-block-group-is-layout-flow\" style=\"border-right-color:var(--wp--preset--color--white);border-right-width:32px;border-left-color:var(--wp--preset--color--white);border-left-width:32px;font-size:23px\">\n<div class=\"wp-block-columns is-layout-flex wp-container-core-columns-is-layout-28f84493 wp-block-columns-is-layout-flex\">\n<div class=\"wp-block-column is-layout-flow wp-block-column-is-layout-flow\" style=\"padding-bottom:var(--wp--preset--spacing--80)\">\n<h2 class=\"wp-block-heading\">Listen to the Audio<\/h2>\n\n\n\n<div class=\"listen wp-block-group is-layout-constrained wp-block-group-is-layout-constrained\">\n<iframe style=\"border: 0; width: 100%; height: 42px;\" class=\"wp-block-audio\"src=\"https:\/\/bandcamp.com\/EmbeddedPlayer\/album=2218117794\/size=small\/bgcol=ffffff\/linkcol=0687f5\/track=4169220312\/transparent=true\/\" seamless><a href=\"https:\/\/doimnicmacgiollabhrde.bandcamp.com\/album\/preab-sa-cheol\">Preab sa Cheol by Doimnic Mac Giolla Bhr\u00edde<\/a><\/iframe>\n\n\n\n<div class=\"wp-block-file\"><a href=\"https:\/\/doimnicmacgiollabhrde.bandcamp.com\/track\/caitl-n-nic-giolla-cas\" target=\"_blank\" rel=\"noopener\"><i class=\"fas fa-download\"><\/i>&nbsp;Download the Song<\/a><\/div>\n<\/div>\n<\/div>\n\n\n\n<div class=\"wp-block-column is-layout-flow wp-block-column-is-layout-flow\">\n<p class=\"\">Singers; S\u00e9arlas \u00d3 Baoill, Seoirse Mac Fheidhlimidh, Aoife Nic Fheidhlimidh, Sophie Feirt\u00e9ar.<\/p>\n\n\n\n<p class=\"\">Dancers; S\u00e9arlas \u00d3 Baoill, Jack \u00d3 Cn\u00e1imhs\u00ed, Seoirse Mac Fheidhlimidh, Aoife Nic Fheidhlimidh, Sophie Feirt\u00e9ar, Ciara Nic Eachmharcaigh, Freya Feirt\u00e9ar, B\u00e9ibhinn Nic Giolla Chearra, Senan Mac Ph\u00e1id\u00edn.<\/p>\n\n\n\n<p class=\"\">Seinnt\u00f3ir\u00ed; Doimnic Mac Giolla Bhr\u00edde &#8211; caird\u00edn piano, dord, fide\u00f3ga\u00ed, cas\u00fa, coiri\u00fa ceoil.<br>Niall Hackett &#8211; bass.<br>Frances Morton &#8211; flute.<br>Sound mixing; Manus Lunny.<\/p>\n<\/div>\n<\/div>\n<\/div>\n","protected":false},"excerpt":{"rendered":"<p>Caitl\u00edn Nic Giolla Cas\u00fa Play the Kazoo! The Song The Dance Movements Listen to the Audio Preab sa Cheol by Doimnic Mac Giolla Bhr\u00edde &nbsp;Download the Song Singers; S\u00e9arlas \u00d3 Baoill, Seoirse Mac Fheidhlimidh, Aoife Nic Fheidhlimidh, Sophie Feirt\u00e9ar. Dancers; S\u00e9arlas \u00d3 Baoill, Jack \u00d3 Cn\u00e1imhs\u00ed, Seoirse Mac Fheidhlimidh, Aoife Nic Fheidhlimidh, Sophie Feirt\u00e9ar, Ciara&hellip;&nbsp;<a href=\"https:\/\/www.preabsacheol.ie\/en\/caitlin-nic-giolla-casu\/\" rel=\"bookmark\">Read More &raquo;<span class=\"screen-reader-text\">Caitl\u00edn Nic Giolla Cas\u00fa<\/span><\/a><\/p>\n","protected":false},"author":1,"featured_media":0,"parent":0,"menu_order":0,"comment_status":"closed","ping_status":"closed","template":"","meta":{"nf_dc_page":"","om_disable_all_campaigns":false,"neve_meta_sidebar":"","neve_meta_container":"","neve_meta_enable_content_width":"","neve_meta_content_width":0,"neve_meta_title_alignment":"","neve_meta_author_avatar":"","neve_post_elements_order":"","neve_meta_disable_header":"","neve_meta_disable_footer":"","neve_meta_disable_title":"","neve_meta_reading_time":"","footnotes":""},"class_list":["post-1135","page","type-page","status-publish","hentry"],"yoast_head":"<!-- This site is optimized with the Yoast SEO plugin v27.4 - https:\/\/yoast.com\/product\/yoast-seo-wordpress\/ -->\n<title>Caitl\u00edn Nic Giolla Cas\u00fa - Preab sa Cheol - Irish language pop-up book<\/title>\n<meta name=\"robots\" content=\"index, follow, max-snippet:-1, max-image-preview:large, max-video-preview:-1\" \/>\n<link rel=\"canonical\" href=\"https:\/\/www.preabsacheol.ie\/en\/caitlin-nic-giolla-casu\/\" \/>\n<meta property=\"og:locale\" content=\"en_US\" \/>\n<meta property=\"og:type\" content=\"article\" \/>\n<meta property=\"og:title\" content=\"Caitl\u00edn Nic Giolla Cas\u00fa - Preab sa Cheol - Irish language pop-up book\" \/>\n<meta property=\"og:description\" content=\"Caitl\u00edn Nic Giolla Cas\u00fa Play the Kazoo! The Song The Dance Movements Listen to the Audio Preab sa Cheol by Doimnic Mac Giolla Bhr\u00edde &nbsp;Download the Song Singers; S\u00e9arlas \u00d3 Baoill, Seoirse Mac Fheidhlimidh, Aoife Nic Fheidhlimidh, Sophie Feirt\u00e9ar. Dancers; S\u00e9arlas \u00d3 Baoill, Jack \u00d3 Cn\u00e1imhs\u00ed, Seoirse Mac Fheidhlimidh, Aoife Nic Fheidhlimidh, Sophie Feirt\u00e9ar, Ciara&hellip;&nbsp;Read More &raquo;Caitl\u00edn Nic Giolla Cas\u00fa\" \/>\n<meta property=\"og:url\" content=\"https:\/\/www.preabsacheol.ie\/en\/caitlin-nic-giolla-casu\/\" \/>\n<meta property=\"og:site_name\" content=\"Preab sa Cheol - Irish language pop-up book\" \/>\n<meta property=\"article:publisher\" content=\"https:\/\/www.facebook.com\/doimnic.bhride\/\" \/>\n<meta property=\"article:modified_time\" content=\"2023-10-20T00:17:56+00:00\" \/>\n<meta name=\"twitter:card\" content=\"summary_large_image\" \/>\n<meta name=\"twitter:label1\" content=\"Est. reading time\" \/>\n\t<meta name=\"twitter:data1\" content=\"1 minute\" \/>\n<script type=\"application\/ld+json\" class=\"yoast-schema-graph\">{\"@context\":\"https:\\\/\\\/schema.org\",\"@graph\":[{\"@type\":\"WebPage\",\"@id\":\"https:\\\/\\\/www.preabsacheol.ie\\\/en\\\/caitlin-nic-giolla-casu\\\/\",\"url\":\"https:\\\/\\\/www.preabsacheol.ie\\\/en\\\/caitlin-nic-giolla-casu\\\/\",\"name\":\"Caitl\u00edn Nic Giolla Cas\u00fa - Preab sa Cheol - Irish language pop-up book\",\"isPartOf\":{\"@id\":\"https:\\\/\\\/www.preabsacheol.ie\\\/en\\\/#website\"},\"datePublished\":\"2023-10-14T08:43:18+00:00\",\"dateModified\":\"2023-10-20T00:17:56+00:00\",\"breadcrumb\":{\"@id\":\"https:\\\/\\\/www.preabsacheol.ie\\\/en\\\/caitlin-nic-giolla-casu\\\/#breadcrumb\"},\"inLanguage\":\"en-US\",\"potentialAction\":[{\"@type\":\"ReadAction\",\"target\":[\"https:\\\/\\\/www.preabsacheol.ie\\\/en\\\/caitlin-nic-giolla-casu\\\/\"]}]},{\"@type\":\"BreadcrumbList\",\"@id\":\"https:\\\/\\\/www.preabsacheol.ie\\\/en\\\/caitlin-nic-giolla-casu\\\/#breadcrumb\",\"itemListElement\":[{\"@type\":\"ListItem\",\"position\":1,\"name\":\"Home\",\"item\":\"https:\\\/\\\/www.preabsacheol.ie\\\/en\\\/\"},{\"@type\":\"ListItem\",\"position\":2,\"name\":\"Caitl\u00edn Nic Giolla Cas\u00fa\"}]},{\"@type\":\"WebSite\",\"@id\":\"https:\\\/\\\/www.preabsacheol.ie\\\/en\\\/#website\",\"url\":\"https:\\\/\\\/www.preabsacheol.ie\\\/en\\\/\",\"name\":\"Preab sa Cheol - Irish language pop-up book\",\"description\":\"Irish Language pop-up song book\",\"publisher\":{\"@id\":\"https:\\\/\\\/www.preabsacheol.ie\\\/en\\\/#organization\"},\"potentialAction\":[{\"@type\":\"SearchAction\",\"target\":{\"@type\":\"EntryPoint\",\"urlTemplate\":\"https:\\\/\\\/www.preabsacheol.ie\\\/en\\\/?s={search_term_string}\"},\"query-input\":{\"@type\":\"PropertyValueSpecification\",\"valueRequired\":true,\"valueName\":\"search_term_string\"}}],\"inLanguage\":\"en-US\"},{\"@type\":\"Organization\",\"@id\":\"https:\\\/\\\/www.preabsacheol.ie\\\/en\\\/#organization\",\"name\":\"Ollamh\",\"url\":\"https:\\\/\\\/www.preabsacheol.ie\\\/en\\\/\",\"logo\":{\"@type\":\"ImageObject\",\"inLanguage\":\"en-US\",\"@id\":\"https:\\\/\\\/www.preabsacheol.ie\\\/en\\\/#\\\/schema\\\/logo\\\/image\\\/\",\"url\":\"https:\\/\\/i0.wp.com\\/preabsacheol.ie\\/wp-content\\/uploads\\/2023\\/10\\/Ollamh-.png?fit=300%2C183&ssl=1\",\"contentUrl\":\"https:\\/\\/i0.wp.com\\/preabsacheol.ie\\/wp-content\\/uploads\\/2023\\/10\\/Ollamh-.png?fit=300%2C183&ssl=1\",\"width\":300,\"height\":183,\"caption\":\"Ollamh\"},\"image\":{\"@id\":\"https:\\\/\\\/www.preabsacheol.ie\\\/en\\\/#\\\/schema\\\/logo\\\/image\\\/\"},\"sameAs\":[\"https:\\\/\\\/www.facebook.com\\\/doimnic.bhride\\\/\"]}]}<\/script>\n<!-- \/ Yoast SEO plugin. -->","yoast_head_json":{"title":"Caitl\u00edn Nic Giolla Cas\u00fa - Preab sa Cheol - Irish language pop-up book","robots":{"index":"index","follow":"follow","max-snippet":"max-snippet:-1","max-image-preview":"max-image-preview:large","max-video-preview":"max-video-preview:-1"},"canonical":"https:\/\/www.preabsacheol.ie\/en\/caitlin-nic-giolla-casu\/","og_locale":"en_US","og_type":"article","og_title":"Caitl\u00edn Nic Giolla Cas\u00fa - Preab sa Cheol - Irish language pop-up book","og_description":"Caitl\u00edn Nic Giolla Cas\u00fa Play the Kazoo! The Song The Dance Movements Listen to the Audio Preab sa Cheol by Doimnic Mac Giolla Bhr\u00edde &nbsp;Download the Song Singers; S\u00e9arlas \u00d3 Baoill, Seoirse Mac Fheidhlimidh, Aoife Nic Fheidhlimidh, Sophie Feirt\u00e9ar. Dancers; S\u00e9arlas \u00d3 Baoill, Jack \u00d3 Cn\u00e1imhs\u00ed, Seoirse Mac Fheidhlimidh, Aoife Nic Fheidhlimidh, Sophie Feirt\u00e9ar, Ciara&hellip;&nbsp;Read More &raquo;Caitl\u00edn Nic Giolla Cas\u00fa","og_url":"https:\/\/www.preabsacheol.ie\/en\/caitlin-nic-giolla-casu\/","og_site_name":"Preab sa Cheol - Irish language pop-up book","article_publisher":"https:\/\/www.facebook.com\/doimnic.bhride\/","article_modified_time":"2023-10-20T00:17:56+00:00","twitter_card":"summary_large_image","twitter_misc":{"Est. reading time":"1 minute"},"schema":{"@context":"https:\/\/schema.org","@graph":[{"@type":"WebPage","@id":"https:\/\/www.preabsacheol.ie\/en\/caitlin-nic-giolla-casu\/","url":"https:\/\/www.preabsacheol.ie\/en\/caitlin-nic-giolla-casu\/","name":"Caitl\u00edn Nic Giolla Cas\u00fa - Preab sa Cheol - Irish language pop-up book","isPartOf":{"@id":"https:\/\/www.preabsacheol.ie\/en\/#website"},"datePublished":"2023-10-14T08:43:18+00:00","dateModified":"2023-10-20T00:17:56+00:00","breadcrumb":{"@id":"https:\/\/www.preabsacheol.ie\/en\/caitlin-nic-giolla-casu\/#breadcrumb"},"inLanguage":"en-US","potentialAction":[{"@type":"ReadAction","target":["https:\/\/www.preabsacheol.ie\/en\/caitlin-nic-giolla-casu\/"]}]},{"@type":"BreadcrumbList","@id":"https:\/\/www.preabsacheol.ie\/en\/caitlin-nic-giolla-casu\/#breadcrumb","itemListElement":[{"@type":"ListItem","position":1,"name":"Home","item":"https:\/\/www.preabsacheol.ie\/en\/"},{"@type":"ListItem","position":2,"name":"Caitl\u00edn Nic Giolla Cas\u00fa"}]},{"@type":"WebSite","@id":"https:\/\/www.preabsacheol.ie\/en\/#website","url":"https:\/\/www.preabsacheol.ie\/en\/","name":"Preab sa Cheol - Irish language pop-up book","description":"Irish Language pop-up song book","publisher":{"@id":"https:\/\/www.preabsacheol.ie\/en\/#organization"},"potentialAction":[{"@type":"SearchAction","target":{"@type":"EntryPoint","urlTemplate":"https:\/\/www.preabsacheol.ie\/en\/?s={search_term_string}"},"query-input":{"@type":"PropertyValueSpecification","valueRequired":true,"valueName":"search_term_string"}}],"inLanguage":"en-US"},{"@type":"Organization","@id":"https:\/\/www.preabsacheol.ie\/en\/#organization","name":"Ollamh","url":"https:\/\/www.preabsacheol.ie\/en\/","logo":{"@type":"ImageObject","inLanguage":"en-US","@id":"https:\/\/www.preabsacheol.ie\/en\/#\/schema\/logo\/image\/","url":"https:\/\/mldrrwsvjesl.i.optimole.com\/w:auto\/h:auto\/q:mauto\/f:best\/https:\/\/i0.wp.com\/preabsacheol.ie\/wp-content\/uploads\/2023\/10\/Ollamh-.png?fit=300%2C183&ssl=1","contentUrl":"https:\/\/mldrrwsvjesl.i.optimole.com\/w:auto\/h:auto\/q:mauto\/f:best\/https:\/\/i0.wp.com\/preabsacheol.ie\/wp-content\/uploads\/2023\/10\/Ollamh-.png?fit=300%2C183&ssl=1","width":300,"height":183,"caption":"Ollamh"},"image":{"@id":"https:\/\/www.preabsacheol.ie\/en\/#\/schema\/logo\/image\/"},"sameAs":["https:\/\/www.facebook.com\/doimnic.bhride\/"]}]}},"jetpack_sharing_enabled":true,"_links":{"self":[{"href":"https:\/\/www.preabsacheol.ie\/en\/wp-json\/wp\/v2\/pages\/1135","targetHints":{"allow":["GET"]}}],"collection":[{"href":"https:\/\/www.preabsacheol.ie\/en\/wp-json\/wp\/v2\/pages"}],"about":[{"href":"https:\/\/www.preabsacheol.ie\/en\/wp-json\/wp\/v2\/types\/page"}],"author":[{"embeddable":true,"href":"https:\/\/www.preabsacheol.ie\/en\/wp-json\/wp\/v2\/users\/1"}],"replies":[{"embeddable":true,"href":"https:\/\/www.preabsacheol.ie\/en\/wp-json\/wp\/v2\/comments?post=1135"}],"version-history":[{"count":5,"href":"https:\/\/www.preabsacheol.ie\/en\/wp-json\/wp\/v2\/pages\/1135\/revisions"}],"predecessor-version":[{"id":1406,"href":"https:\/\/www.preabsacheol.ie\/en\/wp-json\/wp\/v2\/pages\/1135\/revisions\/1406"}],"wp:attachment":[{"href":"https:\/\/www.preabsacheol.ie\/en\/wp-json\/wp\/v2\/media?parent=1135"}],"curies":[{"name":"wp","href":"https:\/\/api.w.org\/{rel}","templated":true}]}}