{"id":1178,"date":"2023-10-13T10:59:02","date_gmt":"2023-10-13T10:59:02","guid":{"rendered":"https:\/\/preabsacheol.ie\/preasraiteas\/"},"modified":"2023-10-16T11:55:11","modified_gmt":"2023-10-16T11:55:11","slug":"preasraiteas","status":"publish","type":"page","link":"https:\/\/www.preabsacheol.ie\/en\/preasraiteas\/","title":{"rendered":"Press Release"},"content":{"rendered":"\n<div class=\"wp-block-group alignfull nfd-my-0 nfd-p-lg nfd-pb-md nfd-container nfd-bg-gray-100 has-vivid-red-color has-nv-light-bg-background-color has-text-color has-background is-layout-flow wp-container-core-group-is-layout-f18b4460 wp-block-group-is-layout-flow\" style=\"border-right-color:var(--wp--preset--color--white);border-right-width:32px;border-left-color:var(--wp--preset--color--white);border-left-width:32px\">\n<h2 class=\"wp-block-heading has-text-align-center\">Press Release<\/h2>\n\n\n\n<div class=\"wp-block-columns is-layout-flex wp-container-core-columns-is-layout-28f84493 wp-block-columns-is-layout-flex\">\n<div class=\"wp-block-column is-layout-flow wp-block-column-is-layout-flow\">\n<div class=\"wp-block-columns is-layout-flex wp-container-core-columns-is-layout-28f84493 wp-block-columns-is-layout-flex\">\n<div class=\"wp-block-column is-layout-flow wp-block-column-is-layout-flow\" style=\"flex-basis:33.33%\">\n<figure class=\"wp-block-image size-full\"><img data-opt-id=1620805379  fetchpriority=\"high\" data-recalc-dims=\"1\" decoding=\"async\" width=\"426\" height=\"611\" src=\"https:\/\/mldrrwsvjesl.i.optimole.com\/w:auto\/h:auto\/q:mauto\/f:best\/https:\/\/i0.wp.com\/preabsacheol.ie\/wp-content\/uploads\/2023\/09\/preab-cludach-e1696932289447.png?resize=426%2C611&#038;ssl=1\" alt=\"\" class=\"wp-image-269\" srcset=\"https:\/\/mldrrwsvjesl.i.optimole.com\/w:426\/h:611\/q:mauto\/f:best\/https:\/\/www.preabsacheol.ie\/wp-content\/uploads\/2023\/09\/preab-cludach-e1696932289447.png 426w, https:\/\/mldrrwsvjesl.i.optimole.com\/w:209\/h:1080\/q:mauto\/f:best\/https:\/\/www.preabsacheol.ie\/wp-content\/uploads\/2023\/09\/preab-cludach-e1696932289447.png 209w\" sizes=\"(max-width: 426px) 100vw, 426px\" \/><\/figure>\n\n\n\n<div class=\"wp-block-file\"><a id=\"wp-block-file--media-3779f24a-7744-4d62-bc0c-9f398c60b153\" href=\"https:\/\/preabsacheol.ie\/wp-content\/uploads\/2023\/10\/preab-press-cover.png\" download\n>Download image<\/a><\/div>\n<\/div>\n\n\n\n<div class=\"wp-block-column is-layout-flow wp-block-column-is-layout-flow\" style=\"flex-basis:66.66%\">\n<p>14 October 2023<br>The launch of a new children&#8217;s pop-up songbook book called \u2018Preab sa Cheol\u2019 will take place in Amharclann Ghaoth Dobhair on Saturday 21 October at 3pm.<br>The book is the first of its kind to be created in Ireland and was designed by sean-n\u00f3s singer,<br>Doimnic Mac Giolla Bhr\u00edde, from Gaoth Dobhair. R\u00f3ise N\u00ed Bhaoill will officially launch it.<br><\/p>\n\n\n\n<p>Known for his previous popular children&#8217;s song books Ic\u00ed Pic\u00ed and Polcaphonc, Doimnic also composed the accompanying songs for Preab sa Cheol, which are sung by children from the Donegal Gaeltacht. The paper engineering in the book was also made by Doimnic and Caomh\u00e1n \u00d3 Scola\u00ed was the graphic designer.<br><\/p>\n\n\n\n<p>Inside the book you will find seven likeable, funny and colourful pop-up characters and scenes. One is a very hungry crocodile, another is a pirate rowing his treasure-filled boat out to the Tr\u00ed Mic \u00d3 gCorra, and<br>there&#8217;s also a googly eyed chicken that won&#8217;t stop dancing. You&#8217;ll also find a little girl called Caitl\u00edn Nic Giolla Cas\u00fa who loves playing instruments, and you can help her out by playing the pop-up kazoo that is built into the book! There are also songs and pop-ups about An Earagail, the Piobaire M\u00f3r, and the best job in the world when you grow up.<br><\/p>\n<\/div>\n<\/div>\n<\/div>\n<\/div>\n\n\n\n<div class=\"wp-block-columns is-layout-flex wp-container-core-columns-is-layout-28f84493 wp-block-columns-is-layout-flex\">\n<div class=\"wp-block-column is-layout-flow wp-block-column-is-layout-flow\">\n<p>As an extra treat, there are easy but catchy dances to go along with all the songs, available on the books&#8217; website. www.preabsacheol.ie The<br>children who sang the songs perform these moves to the songs on a set of videos. You will be dancing and singing along with them in no time, with<br>your friends at home or at school.<\/p>\n\n\n\n<p><br>This is a book like no other. Not only will children love it but there&#8217;s a very high chance that parents and all the family will too. It is interactive fun for all the family. It&#8217;s also a great resource for schools and nurseries to help children learn through song and dance.<br>There are English translations at the back, which means families new to Irish can learn together in a fun way.<\/p>\n\n\n\n<p><br>Everyone is welcome to come to the launch on Saturday 21st at Amharclann Gaoth Dobhair, 3pm, where there will be a fun-filled afternoon of songs, dances and pop-up books.<br>Visit www.preabsacheol.ie where you can buy the book in advance, and get a sneak preview of the fun.<br>Enquires: ceol@doimnic.com or 087 9851258<\/p>\n\n\n\n<p>ENDS<\/p>\n<\/div>\n<\/div>\n\n\n\n<div class=\"wp-block-columns is-layout-flex wp-container-core-columns-is-layout-28f84493 wp-block-columns-is-layout-flex\">\n<div class=\"wp-block-column is-layout-flow wp-block-column-is-layout-flow\" style=\"flex-basis:100%\"><\/div>\n<\/div>\n\n\n\n<div class=\"wp-block-columns is-layout-flex wp-container-core-columns-is-layout-28f84493 wp-block-columns-is-layout-flex\">\n<div class=\"wp-block-column is-layout-flow wp-block-column-is-layout-flow\">\n<figure class=\"wp-block-image size-full is-resized\"><img data-opt-id=1561711204  fetchpriority=\"high\" data-recalc-dims=\"1\" decoding=\"async\" width=\"482\" height=\"156\" src=\"https:\/\/mldrrwsvjesl.i.optimole.com\/w:auto\/h:auto\/q:mauto\/f:best\/https:\/\/i0.wp.com\/preabsacheol.ie\/wp-content\/uploads\/2023\/10\/Preab-teideal-dubh.jpg?resize=482%2C156&#038;ssl=1\" alt=\"\" class=\"wp-image-1201\" style=\"aspect-ratio:3.08974358974359;width:482px;height:auto\" srcset=\"https:\/\/mldrrwsvjesl.i.optimole.com\/w:482\/h:156\/q:mauto\/f:best\/https:\/\/www.preabsacheol.ie\/wp-content\/uploads\/2023\/10\/Preab-teideal-dubh.jpg 482w, https:\/\/mldrrwsvjesl.i.optimole.com\/w:300\/h:1080\/q:mauto\/f:best\/https:\/\/www.preabsacheol.ie\/wp-content\/uploads\/2023\/10\/Preab-teideal-dubh.jpg 300w\" sizes=\"(max-width: 482px) 100vw, 482px\" \/><\/figure>\n\n\n\n<div class=\"wp-block-file\"><a id=\"wp-block-file--media-a9a2e1f7-c06f-4b3f-9246-2fe7ef867ef9\" href=\"https:\/\/preabsacheol.ie\/wp-content\/uploads\/2023\/10\/Preab-teideal-press.jpg\" download=\"\">Download image<\/a><\/div>\n<\/div>\n<\/div>\n<\/div>\n","protected":false},"excerpt":{"rendered":"<p>Press Release Download image 14 October 2023The launch of a new children&#8217;s pop-up songbook book called \u2018Preab sa Cheol\u2019 will take place in Amharclann Ghaoth Dobhair on Saturday 21 October at 3pm.The book is the first of its kind to be created in Ireland and was designed by sean-n\u00f3s singer,Doimnic Mac Giolla Bhr\u00edde, from Gaoth&hellip;&nbsp;<a href=\"https:\/\/www.preabsacheol.ie\/en\/preasraiteas\/\" rel=\"bookmark\">Read More &raquo;<span class=\"screen-reader-text\">Press Release<\/span><\/a><\/p>\n","protected":false},"author":1,"featured_media":0,"parent":0,"menu_order":0,"comment_status":"closed","ping_status":"closed","template":"","meta":{"nf_dc_page":"","om_disable_all_campaigns":false,"neve_meta_sidebar":"","neve_meta_container":"","neve_meta_enable_content_width":"","neve_meta_content_width":0,"neve_meta_title_alignment":"","neve_meta_author_avatar":"","neve_post_elements_order":"","neve_meta_disable_header":"","neve_meta_disable_footer":"","neve_meta_disable_title":"","neve_meta_reading_time":"","footnotes":""},"class_list":["post-1178","page","type-page","status-publish","hentry"],"yoast_head":"<!-- This site is optimized with the Yoast SEO plugin v27.4 - https:\/\/yoast.com\/product\/yoast-seo-wordpress\/ -->\n<title>Press Release - Preab sa Cheol - Irish language pop-up book<\/title>\n<meta name=\"robots\" content=\"index, follow, max-snippet:-1, max-image-preview:large, max-video-preview:-1\" \/>\n<link rel=\"canonical\" href=\"https:\/\/www.preabsacheol.ie\/en\/preasraiteas\/\" \/>\n<meta property=\"og:locale\" content=\"en_US\" \/>\n<meta property=\"og:type\" content=\"article\" \/>\n<meta property=\"og:title\" content=\"Press Release - Preab sa Cheol - Irish language pop-up book\" \/>\n<meta property=\"og:description\" content=\"Press Release Download image 14 October 2023The launch of a new children&#8217;s pop-up songbook book called \u2018Preab sa Cheol\u2019 will take place in Amharclann Ghaoth Dobhair on Saturday 21 October at 3pm.The book is the first of its kind to be created in Ireland and was designed by sean-n\u00f3s singer,Doimnic Mac Giolla Bhr\u00edde, from Gaoth&hellip;&nbsp;Read More &raquo;Press Release\" \/>\n<meta property=\"og:url\" content=\"https:\/\/www.preabsacheol.ie\/en\/preasraiteas\/\" \/>\n<meta property=\"og:site_name\" content=\"Preab sa Cheol - Irish language pop-up book\" \/>\n<meta property=\"article:publisher\" content=\"https:\/\/www.facebook.com\/doimnic.bhride\/\" \/>\n<meta property=\"article:modified_time\" content=\"2023-10-16T11:55:11+00:00\" \/>\n<meta property=\"og:image\" content=\"https:\/\/mldrrwsvjesl.i.optimole.com\/w:auto\/h:auto\/q:mauto\/f:best\/https:\/\/preabsacheol.ie\/wp-content\/uploads\/2023\/09\/preab-cludach-e1696932289447.png\" \/>\n<meta name=\"twitter:card\" content=\"summary_large_image\" \/>\n<meta name=\"twitter:label1\" content=\"Est. reading time\" \/>\n\t<meta name=\"twitter:data1\" content=\"3 minutes\" \/>\n<script type=\"application\/ld+json\" class=\"yoast-schema-graph\">{\"@context\":\"https:\\\/\\\/schema.org\",\"@graph\":[{\"@type\":\"WebPage\",\"@id\":\"https:\\\/\\\/www.preabsacheol.ie\\\/en\\\/preasraiteas\\\/\",\"url\":\"https:\\\/\\\/www.preabsacheol.ie\\\/en\\\/preasraiteas\\\/\",\"name\":\"Press Release - Preab sa Cheol - Irish language pop-up book\",\"isPartOf\":{\"@id\":\"https:\\\/\\\/www.preabsacheol.ie\\\/en\\\/#website\"},\"primaryImageOfPage\":{\"@id\":\"https:\\\/\\\/www.preabsacheol.ie\\\/en\\\/preasraiteas\\\/#primaryimage\"},\"image\":{\"@id\":\"https:\\\/\\\/www.preabsacheol.ie\\\/en\\\/preasraiteas\\\/#primaryimage\"},\"thumbnailUrl\":\"https:\\/\\/preabsacheol.ie\\/wp-content\\/uploads\\/2023\\/09\\/preab-cludach-e1696932289447.png\",\"datePublished\":\"2023-10-13T10:59:02+00:00\",\"dateModified\":\"2023-10-16T11:55:11+00:00\",\"breadcrumb\":{\"@id\":\"https:\\\/\\\/www.preabsacheol.ie\\\/en\\\/preasraiteas\\\/#breadcrumb\"},\"inLanguage\":\"en-US\",\"potentialAction\":[{\"@type\":\"ReadAction\",\"target\":[\"https:\\\/\\\/www.preabsacheol.ie\\\/en\\\/preasraiteas\\\/\"]}]},{\"@type\":\"ImageObject\",\"inLanguage\":\"en-US\",\"@id\":\"https:\\\/\\\/www.preabsacheol.ie\\\/en\\\/preasraiteas\\\/#primaryimage\",\"url\":\"https:\\/\\/preabsacheol.ie\\/wp-content\\/uploads\\/2023\\/09\\/preab-cludach-e1696932289447.png\",\"contentUrl\":\"https:\\/\\/preabsacheol.ie\\/wp-content\\/uploads\\/2023\\/09\\/preab-cludach-e1696932289447.png\"},{\"@type\":\"BreadcrumbList\",\"@id\":\"https:\\\/\\\/www.preabsacheol.ie\\\/en\\\/preasraiteas\\\/#breadcrumb\",\"itemListElement\":[{\"@type\":\"ListItem\",\"position\":1,\"name\":\"Home\",\"item\":\"https:\\\/\\\/www.preabsacheol.ie\\\/en\\\/\"},{\"@type\":\"ListItem\",\"position\":2,\"name\":\"Press Release\"}]},{\"@type\":\"WebSite\",\"@id\":\"https:\\\/\\\/www.preabsacheol.ie\\\/en\\\/#website\",\"url\":\"https:\\\/\\\/www.preabsacheol.ie\\\/en\\\/\",\"name\":\"Preab sa Cheol - Irish language pop-up book\",\"description\":\"Irish Language pop-up song book\",\"publisher\":{\"@id\":\"https:\\\/\\\/www.preabsacheol.ie\\\/en\\\/#organization\"},\"potentialAction\":[{\"@type\":\"SearchAction\",\"target\":{\"@type\":\"EntryPoint\",\"urlTemplate\":\"https:\\\/\\\/www.preabsacheol.ie\\\/en\\\/?s={search_term_string}\"},\"query-input\":{\"@type\":\"PropertyValueSpecification\",\"valueRequired\":true,\"valueName\":\"search_term_string\"}}],\"inLanguage\":\"en-US\"},{\"@type\":\"Organization\",\"@id\":\"https:\\\/\\\/www.preabsacheol.ie\\\/en\\\/#organization\",\"name\":\"Ollamh\",\"url\":\"https:\\\/\\\/www.preabsacheol.ie\\\/en\\\/\",\"logo\":{\"@type\":\"ImageObject\",\"inLanguage\":\"en-US\",\"@id\":\"https:\\\/\\\/www.preabsacheol.ie\\\/en\\\/#\\\/schema\\\/logo\\\/image\\\/\",\"url\":\"https:\\/\\/i0.wp.com\\/preabsacheol.ie\\/wp-content\\/uploads\\/2023\\/10\\/Ollamh-.png?fit=300%2C183&ssl=1\",\"contentUrl\":\"https:\\/\\/i0.wp.com\\/preabsacheol.ie\\/wp-content\\/uploads\\/2023\\/10\\/Ollamh-.png?fit=300%2C183&ssl=1\",\"width\":300,\"height\":183,\"caption\":\"Ollamh\"},\"image\":{\"@id\":\"https:\\\/\\\/www.preabsacheol.ie\\\/en\\\/#\\\/schema\\\/logo\\\/image\\\/\"},\"sameAs\":[\"https:\\\/\\\/www.facebook.com\\\/doimnic.bhride\\\/\"]}]}<\/script>\n<!-- \/ Yoast SEO plugin. -->","yoast_head_json":{"title":"Press Release - Preab sa Cheol - Irish language pop-up book","robots":{"index":"index","follow":"follow","max-snippet":"max-snippet:-1","max-image-preview":"max-image-preview:large","max-video-preview":"max-video-preview:-1"},"canonical":"https:\/\/www.preabsacheol.ie\/en\/preasraiteas\/","og_locale":"en_US","og_type":"article","og_title":"Press Release - Preab sa Cheol - Irish language pop-up book","og_description":"Press Release Download image 14 October 2023The launch of a new children&#8217;s pop-up songbook book called \u2018Preab sa Cheol\u2019 will take place in Amharclann Ghaoth Dobhair on Saturday 21 October at 3pm.The book is the first of its kind to be created in Ireland and was designed by sean-n\u00f3s singer,Doimnic Mac Giolla Bhr\u00edde, from Gaoth&hellip;&nbsp;Read More &raquo;Press Release","og_url":"https:\/\/www.preabsacheol.ie\/en\/preasraiteas\/","og_site_name":"Preab sa Cheol - Irish language pop-up book","article_publisher":"https:\/\/www.facebook.com\/doimnic.bhride\/","article_modified_time":"2023-10-16T11:55:11+00:00","og_image":[{"url":"https:\/\/mldrrwsvjesl.i.optimole.com\/w:auto\/h:auto\/q:mauto\/f:best\/https:\/\/preabsacheol.ie\/wp-content\/uploads\/2023\/09\/preab-cludach-e1696932289447.png","type":"","width":"","height":""}],"twitter_card":"summary_large_image","twitter_misc":{"Est. reading time":"3 minutes"},"schema":{"@context":"https:\/\/schema.org","@graph":[{"@type":"WebPage","@id":"https:\/\/www.preabsacheol.ie\/en\/preasraiteas\/","url":"https:\/\/www.preabsacheol.ie\/en\/preasraiteas\/","name":"Press Release - Preab sa Cheol - Irish language pop-up book","isPartOf":{"@id":"https:\/\/www.preabsacheol.ie\/en\/#website"},"primaryImageOfPage":{"@id":"https:\/\/www.preabsacheol.ie\/en\/preasraiteas\/#primaryimage"},"image":{"@id":"https:\/\/www.preabsacheol.ie\/en\/preasraiteas\/#primaryimage"},"thumbnailUrl":"https:\/\/mldrrwsvjesl.i.optimole.com\/w:auto\/h:auto\/q:mauto\/f:best\/https:\/\/preabsacheol.ie\/wp-content\/uploads\/2023\/09\/preab-cludach-e1696932289447.png","datePublished":"2023-10-13T10:59:02+00:00","dateModified":"2023-10-16T11:55:11+00:00","breadcrumb":{"@id":"https:\/\/www.preabsacheol.ie\/en\/preasraiteas\/#breadcrumb"},"inLanguage":"en-US","potentialAction":[{"@type":"ReadAction","target":["https:\/\/www.preabsacheol.ie\/en\/preasraiteas\/"]}]},{"@type":"ImageObject","inLanguage":"en-US","@id":"https:\/\/www.preabsacheol.ie\/en\/preasraiteas\/#primaryimage","url":"https:\/\/mldrrwsvjesl.i.optimole.com\/w:auto\/h:auto\/q:mauto\/f:best\/https:\/\/preabsacheol.ie\/wp-content\/uploads\/2023\/09\/preab-cludach-e1696932289447.png","contentUrl":"https:\/\/mldrrwsvjesl.i.optimole.com\/w:auto\/h:auto\/q:mauto\/f:best\/https:\/\/preabsacheol.ie\/wp-content\/uploads\/2023\/09\/preab-cludach-e1696932289447.png"},{"@type":"BreadcrumbList","@id":"https:\/\/www.preabsacheol.ie\/en\/preasraiteas\/#breadcrumb","itemListElement":[{"@type":"ListItem","position":1,"name":"Home","item":"https:\/\/www.preabsacheol.ie\/en\/"},{"@type":"ListItem","position":2,"name":"Press Release"}]},{"@type":"WebSite","@id":"https:\/\/www.preabsacheol.ie\/en\/#website","url":"https:\/\/www.preabsacheol.ie\/en\/","name":"Preab sa Cheol - Irish language pop-up book","description":"Irish Language pop-up song book","publisher":{"@id":"https:\/\/www.preabsacheol.ie\/en\/#organization"},"potentialAction":[{"@type":"SearchAction","target":{"@type":"EntryPoint","urlTemplate":"https:\/\/www.preabsacheol.ie\/en\/?s={search_term_string}"},"query-input":{"@type":"PropertyValueSpecification","valueRequired":true,"valueName":"search_term_string"}}],"inLanguage":"en-US"},{"@type":"Organization","@id":"https:\/\/www.preabsacheol.ie\/en\/#organization","name":"Ollamh","url":"https:\/\/www.preabsacheol.ie\/en\/","logo":{"@type":"ImageObject","inLanguage":"en-US","@id":"https:\/\/www.preabsacheol.ie\/en\/#\/schema\/logo\/image\/","url":"https:\/\/mldrrwsvjesl.i.optimole.com\/w:auto\/h:auto\/q:mauto\/f:best\/https:\/\/i0.wp.com\/preabsacheol.ie\/wp-content\/uploads\/2023\/10\/Ollamh-.png?fit=300%2C183&ssl=1","contentUrl":"https:\/\/mldrrwsvjesl.i.optimole.com\/w:auto\/h:auto\/q:mauto\/f:best\/https:\/\/i0.wp.com\/preabsacheol.ie\/wp-content\/uploads\/2023\/10\/Ollamh-.png?fit=300%2C183&ssl=1","width":300,"height":183,"caption":"Ollamh"},"image":{"@id":"https:\/\/www.preabsacheol.ie\/en\/#\/schema\/logo\/image\/"},"sameAs":["https:\/\/www.facebook.com\/doimnic.bhride\/"]}]}},"jetpack_sharing_enabled":true,"_links":{"self":[{"href":"https:\/\/www.preabsacheol.ie\/en\/wp-json\/wp\/v2\/pages\/1178","targetHints":{"allow":["GET"]}}],"collection":[{"href":"https:\/\/www.preabsacheol.ie\/en\/wp-json\/wp\/v2\/pages"}],"about":[{"href":"https:\/\/www.preabsacheol.ie\/en\/wp-json\/wp\/v2\/types\/page"}],"author":[{"embeddable":true,"href":"https:\/\/www.preabsacheol.ie\/en\/wp-json\/wp\/v2\/users\/1"}],"replies":[{"embeddable":true,"href":"https:\/\/www.preabsacheol.ie\/en\/wp-json\/wp\/v2\/comments?post=1178"}],"version-history":[{"count":5,"href":"https:\/\/www.preabsacheol.ie\/en\/wp-json\/wp\/v2\/pages\/1178\/revisions"}],"predecessor-version":[{"id":1204,"href":"https:\/\/www.preabsacheol.ie\/en\/wp-json\/wp\/v2\/pages\/1178\/revisions\/1204"}],"wp:attachment":[{"href":"https:\/\/www.preabsacheol.ie\/en\/wp-json\/wp\/v2\/media?parent=1178"}],"curies":[{"name":"wp","href":"https:\/\/api.w.org\/{rel}","templated":true}]}}