{"id":1498,"date":"2024-01-23T23:02:25","date_gmt":"2024-01-23T23:02:25","guid":{"rendered":"https:\/\/www.preabsacheol.ie\/an-seo\/"},"modified":"2024-01-23T23:29:51","modified_gmt":"2024-01-23T23:29:51","slug":"an-seo","status":"publish","type":"page","link":"https:\/\/www.preabsacheol.ie\/en\/an-seo\/","title":{"rendered":"The Show"},"content":{"rendered":"\n<div class=\"song-group nfd-my-0 nfd-container nfd-p-lg nfd-bg-gray-100 md:nfd-border-none wp-block-group alignfull has-vivid-red-color has-nv-light-bg-background-color has-text-color has-background is-layout-flow wp-container-core-group-is-layout-330ce275 wp-block-group-is-layout-flow\" style=\"border-right-color:var(--wp--preset--color--white);border-right-width:32px;border-left-color:var(--wp--preset--color--white);border-left-width:32px;font-size:31px\">\n<h1 class=\"wp-block-heading has-text-align-center\">Preab sa Cheol, The Show<\/h1>\n\n\n\n<div class=\"wp-block-columns is-layout-flex wp-container-core-columns-is-layout-28f84493 wp-block-columns-is-layout-flex\">\n<div class=\"wp-block-column is-layout-flow wp-block-column-is-layout-flow\">\n<div class=\"wp-block-jetpack-slideshow aligncenter\" data-effect=\"slide\"><div class=\"wp-block-jetpack-slideshow_container swiper-container\"><ul class=\"wp-block-jetpack-slideshow_swiper-wrapper swiper-wrapper\"><li class=\"wp-block-jetpack-slideshow_slide swiper-slide\"><figure><img data-opt-id=761839423  fetchpriority=\"high\" data-recalc-dims=\"1\" height=\"683\" width=\"1024\" decoding=\"async\" alt=\"\" class=\"wp-block-jetpack-slideshow_image wp-image-1470\" data-id=\"1470\" src=\"https:\/\/mldrrwsvjesl.i.optimole.com\/w:1024\/h:683\/q:mauto\/f:best\/https:\/\/i0.wp.com\/www.preabsacheol.ie\/wp-content\/uploads\/2024\/01\/Pa%E2%95%A0%D0%91isti%E2%95%A0%D0%91-Su-Crogall-Preab-Amharclann-1024x683.jpeg?resize=1024%2C683&#038;ssl=1\"><\/figure><\/li><li class=\"wp-block-jetpack-slideshow_slide swiper-slide\"><figure><img data-opt-id=174652631  fetchpriority=\"high\" data-recalc-dims=\"1\" height=\"683\" width=\"1024\" decoding=\"async\" alt=\"\" class=\"wp-block-jetpack-slideshow_image wp-image-1472\" data-id=\"1472\" src=\"https:\/\/mldrrwsvjesl.i.optimole.com\/w:1024\/h:683\/q:mauto\/f:best\/https:\/\/i0.wp.com\/www.preabsacheol.ie\/wp-content\/uploads\/2024\/01\/Amharclann-pa%E2%95%A0%D0%91isti%E2%95%A0%D0%91-cearc-pic-1024x683.jpg?resize=1024%2C683&#038;ssl=1\"><\/figure><\/li><li class=\"wp-block-jetpack-slideshow_slide swiper-slide\"><figure><img data-opt-id=1225148136  fetchpriority=\"high\" data-recalc-dims=\"1\" height=\"683\" width=\"1024\" decoding=\"async\" alt=\"\" class=\"wp-block-jetpack-slideshow_image wp-image-1474\" data-id=\"1474\" src=\"https:\/\/mldrrwsvjesl.i.optimole.com\/w:1024\/h:683\/q:mauto\/f:best\/https:\/\/i0.wp.com\/www.preabsacheol.ie\/wp-content\/uploads\/2024\/01\/pa%E2%95%A0%D0%91isti%E2%95%A0%D0%91-amharclann-Su-Fran-Dom-glu%E2%95%A0%D0%91ine-pic-1024x683.jpg?resize=1024%2C683&#038;ssl=1\"><\/figure><\/li><li class=\"wp-block-jetpack-slideshow_slide swiper-slide\"><figure><img data-opt-id=2076958217  data-opt-src=\"https:\/\/mldrrwsvjesl.i.optimole.com\/w:auto\/h:auto\/q:mauto\/f:best\/https:\/\/i0.wp.com\/www.preabsacheol.ie\/wp-content\/uploads\/2024\/01\/Su-Fran-Dom-amharclann-pic.jpg\"  data-recalc-dims=\"1\" decoding=\"async\" width=\"1024\" height=\"683\" alt=\"\" class=\"wp-block-jetpack-slideshow_image wp-image-1476\" data-id=\"1476\" src=\"data:image/svg+xml,%3Csvg%20viewBox%3D%220%200%20100%%20100%%22%20width%3D%22100%%22%20height%3D%22100%%22%20xmlns%3D%22http%3A%2F%2Fwww.w3.org%2F2000%2Fsvg%22%3E%3Crect%20width%3D%22100%%22%20height%3D%22100%%22%20fill%3D%22transparent%22%2F%3E%3C%2Fsvg%3E?resize=1024%2C683&#038;ssl=1\" old-srcset=\"https:\/\/mldrrwsvjesl.i.optimole.com\/w:1024\/h:1080\/q:mauto\/f:best\/https:\/\/www.preabsacheol.ie\/wp-content\/uploads\/2024\/01\/Su-Fran-Dom-amharclann-pic.jpg 1024w, https:\/\/mldrrwsvjesl.i.optimole.com\/w:300\/h:1080\/q:mauto\/f:best\/https:\/\/www.preabsacheol.ie\/wp-content\/uploads\/2024\/01\/Su-Fran-Dom-amharclann-pic.jpg 300w, https:\/\/mldrrwsvjesl.i.optimole.com\/w:768\/h:1080\/q:mauto\/f:best\/https:\/\/www.preabsacheol.ie\/wp-content\/uploads\/2024\/01\/Su-Fran-Dom-amharclann-pic.jpg 768w, https:\/\/mldrrwsvjesl.i.optimole.com\/w:1536\/h:1080\/q:mauto\/f:best\/https:\/\/www.preabsacheol.ie\/wp-content\/uploads\/2024\/01\/Su-Fran-Dom-amharclann-pic.jpg 1536w, https:\/\/mldrrwsvjesl.i.optimole.com\/w:930\/h:1080\/q:mauto\/f:best\/https:\/\/www.preabsacheol.ie\/wp-content\/uploads\/2024\/01\/Su-Fran-Dom-amharclann-pic.jpg 930w, https:\/\/mldrrwsvjesl.i.optimole.com\/w:600\/h:1080\/q:mauto\/f:best\/https:\/\/www.preabsacheol.ie\/wp-content\/uploads\/2024\/01\/Su-Fran-Dom-amharclann-pic.jpg 600w, https:\/\/mldrrwsvjesl.i.optimole.com\/w:1619\/h:1080\/q:mauto\/f:best\/https:\/\/www.preabsacheol.ie\/wp-content\/uploads\/2024\/01\/Su-Fran-Dom-amharclann-pic.jpg 2048w\" \/><\/figure><\/li><li class=\"wp-block-jetpack-slideshow_slide swiper-slide\"><figure><img data-opt-id=456789392  data-opt-src=\"https:\/\/mldrrwsvjesl.i.optimole.com\/w:1024\/h:683\/q:mauto\/f:best\/https:\/\/i0.wp.com\/www.preabsacheol.ie\/wp-content\/uploads\/2024\/01\/cu%E2%95%A0%D0%91l-pa%E2%95%A0%D0%91isti%E2%95%A0%D0%91-Su-Fran-amharclann-pic-1024x683.jpg\"  data-recalc-dims=\"1\" height=\"683\" width=\"1024\" decoding=\"async\" alt=\"\" class=\"wp-block-jetpack-slideshow_image wp-image-1478\" data-id=\"1478\" src=\"data:image/svg+xml,%3Csvg%20viewBox%3D%220%200%201024%20683%22%20width%3D%221024%22%20height%3D%22683%22%20xmlns%3D%22http%3A%2F%2Fwww.w3.org%2F2000%2Fsvg%22%3E%3Crect%20width%3D%221024%22%20height%3D%22683%22%20fill%3D%22transparent%22%2F%3E%3C%2Fsvg%3E?resize=1024%2C683&#038;ssl=1\"><\/figure><\/li><\/ul><a class=\"wp-block-jetpack-slideshow_button-prev swiper-button-prev swiper-button-white\" role=\"button\"><\/a><a class=\"wp-block-jetpack-slideshow_button-next swiper-button-next swiper-button-white\" role=\"button\"><\/a><a aria-label=\"Pause Slideshow\" class=\"wp-block-jetpack-slideshow_button-pause\" role=\"button\"><\/a><div class=\"wp-block-jetpack-slideshow_pagination swiper-pagination swiper-pagination-white\"><\/div><\/div><\/div>\n<\/div>\n<\/div>\n\n\n\n<div class=\"wp-block-columns is-layout-flex wp-container-core-columns-is-layout-28f84493 wp-block-columns-is-layout-flex\">\n<div class=\"wp-block-column is-layout-flow wp-block-column-is-layout-flow\">\n<p class=\"\">\u2018Preab sa Cheol\u2019 the children\u2019s show is also available for performing at school\u2019s, cultural venue\u2019s, festival\u2019s etc.<\/p>\n\n\n\n<p class=\"\">The show is based on songs from the book and the children are encouraged to sing and dance along with the musicians.<\/p>\n\n\n\n<p class=\"\">Three musicians perform in the show, Suzanne N\u00ed Ghallach\u00f3ir aka Cab\u00f3g an phortaigh (presenter, singer,), Doimnic Mac Giolla Bhr\u00edde aka Bodach na gc\u00f3s cam (accordion, uileann pipes, singer), Niall \u00d3 Haic\u00e9id aka Bodach an ch\u00f3ta daite (bouzouki, mandolin).<\/p>\n\n\n\n<p class=\"\"><br\/> <\/p>\n<\/div>\n\n\n\n<div class=\"wp-block-column is-layout-flow wp-block-column-is-layout-flow\">\n<figure class=\"wp-block-video\"><video height=\"480\" style=\"aspect-ratio: 848 \/ 480;\" width=\"848\" controls=\"\" src=\"https:\/\/www.preabsacheol.ie\/wp-content\/uploads\/2024\/01\/Preab-seo&#x2560;&#x411;-Doire-Chon-1.mp4\"><\/video><\/figure>\n<\/div>\n<\/div>\n\n\n\n<div class=\"wp-block-columns is-layout-flex wp-container-core-columns-is-layout-28f84493 wp-block-columns-is-layout-flex\">\n<div class=\"wp-block-column is-layout-flow wp-block-column-is-layout-flow\">\n<p class=\"\">The songs in the show include;<\/p>\n\n\n\n<p class=\"\"> Rowing on the floor<br\/> The chicken dance<br\/> The lazy crocodile<br\/> What you want to be when you grow up!<br\/> Caitl\u00edn who plays the kazoo<br\/> Tarlach the great uilleann piper from Donegal<br\/> The mighty Errigal<br\/> The leaping frogs<br\/> The antics of Cit\u00ed Cat<br\/> The sounds that the different animals make.<\/p>\n\n\n\n<p class=\"\">Most songs have their own unique dance moves.<\/p>\n\n\n\n<p class=\"\">Suzanne also has a few clever riddles for all the clever children!<\/p>\n\n\n\n<p class=\"\">Book the show at <a href=\"mailto:ceol@doimnic.com\">ceol@doimnic.com<\/a> or 0879851258<\/p>\n<\/div>\n\n\n\n<div class=\"wp-block-column is-layout-flow wp-block-column-is-layout-flow\"><\/div>\n<\/div>\n<\/div>\n","protected":false},"excerpt":{"rendered":"<p>Preab sa Cheol, The Show \u2018Preab sa Cheol\u2019 the children\u2019s show is also available for performing at school\u2019s, cultural venue\u2019s, festival\u2019s etc. The show is based on songs from the book and the children are encouraged to sing and dance along with the musicians. Three musicians perform in the show, Suzanne N\u00ed Ghallach\u00f3ir aka Cab\u00f3g&hellip;&nbsp;<a href=\"https:\/\/www.preabsacheol.ie\/en\/an-seo\/\" rel=\"bookmark\">Read More &raquo;<span class=\"screen-reader-text\">The Show<\/span><\/a><\/p>\n","protected":false},"author":1,"featured_media":0,"parent":0,"menu_order":0,"comment_status":"closed","ping_status":"closed","template":"","meta":{"nf_dc_page":"","om_disable_all_campaigns":false,"neve_meta_sidebar":"","neve_meta_container":"","neve_meta_enable_content_width":"","neve_meta_content_width":0,"neve_meta_title_alignment":"","neve_meta_author_avatar":"","neve_post_elements_order":"","neve_meta_disable_header":"","neve_meta_disable_footer":"","neve_meta_disable_title":"","neve_meta_reading_time":"","footnotes":""},"class_list":["post-1498","page","type-page","status-publish","hentry"],"yoast_head":"<!-- This site is optimized with the Yoast SEO plugin v27.4 - https:\/\/yoast.com\/product\/yoast-seo-wordpress\/ -->\n<title>The Show - Preab sa Cheol - Irish language pop-up book<\/title>\n<meta name=\"robots\" content=\"index, follow, max-snippet:-1, max-image-preview:large, max-video-preview:-1\" \/>\n<link rel=\"canonical\" href=\"https:\/\/www.preabsacheol.ie\/en\/an-seo\/\" \/>\n<meta property=\"og:locale\" content=\"en_US\" \/>\n<meta property=\"og:type\" content=\"article\" \/>\n<meta property=\"og:title\" content=\"The Show - Preab sa Cheol - Irish language pop-up book\" \/>\n<meta property=\"og:description\" content=\"Preab sa Cheol, The Show \u2018Preab sa Cheol\u2019 the children\u2019s show is also available for performing at school\u2019s, cultural venue\u2019s, festival\u2019s etc. The show is based on songs from the book and the children are encouraged to sing and dance along with the musicians. Three musicians perform in the show, Suzanne N\u00ed Ghallach\u00f3ir aka Cab\u00f3g&hellip;&nbsp;Read More &raquo;The Show\" \/>\n<meta property=\"og:url\" content=\"https:\/\/www.preabsacheol.ie\/en\/an-seo\/\" \/>\n<meta property=\"og:site_name\" content=\"Preab sa Cheol - Irish language pop-up book\" \/>\n<meta property=\"article:publisher\" content=\"https:\/\/www.facebook.com\/doimnic.bhride\/\" \/>\n<meta property=\"article:modified_time\" content=\"2024-01-23T23:29:51+00:00\" \/>\n<meta property=\"og:image\" content=\"https:\/\/mldrrwsvjesl.i.optimole.com\/w:auto\/h:auto\/q:mauto\/f:best\/https:\/\/www.preabsacheol.ie\/wp-content\/uploads\/2024\/01\/Pa%E2%95%A0%D0%91isti%E2%95%A0%D0%91-Su-Crogall-Preab-Amharclann-1024x683.jpeg\" \/>\n<meta name=\"twitter:card\" content=\"summary_large_image\" \/>\n<meta name=\"twitter:label1\" content=\"Est. reading time\" \/>\n\t<meta name=\"twitter:data1\" content=\"2 minutes\" \/>\n<script type=\"application\/ld+json\" class=\"yoast-schema-graph\">{\"@context\":\"https:\\\/\\\/schema.org\",\"@graph\":[{\"@type\":\"WebPage\",\"@id\":\"https:\\\/\\\/www.preabsacheol.ie\\\/en\\\/an-seo\\\/\",\"url\":\"https:\\\/\\\/www.preabsacheol.ie\\\/en\\\/an-seo\\\/\",\"name\":\"The Show - Preab sa Cheol - Irish language pop-up book\",\"isPartOf\":{\"@id\":\"https:\\\/\\\/www.preabsacheol.ie\\\/en\\\/#website\"},\"primaryImageOfPage\":{\"@id\":\"https:\\\/\\\/www.preabsacheol.ie\\\/en\\\/an-seo\\\/#primaryimage\"},\"image\":{\"@id\":\"https:\\\/\\\/www.preabsacheol.ie\\\/en\\\/an-seo\\\/#primaryimage\"},\"thumbnailUrl\":\"https:\\/\\/www.preabsacheol.ie\\/wp-content\\/uploads\\/2024\\/01\\/Pa%E2%95%A0%D0%91isti%E2%95%A0%D0%91-Su-Crogall-Preab-Amharclann-1024x683.jpeg\",\"datePublished\":\"2024-01-23T23:02:25+00:00\",\"dateModified\":\"2024-01-23T23:29:51+00:00\",\"breadcrumb\":{\"@id\":\"https:\\\/\\\/www.preabsacheol.ie\\\/en\\\/an-seo\\\/#breadcrumb\"},\"inLanguage\":\"en-US\",\"potentialAction\":[{\"@type\":\"ReadAction\",\"target\":[\"https:\\\/\\\/www.preabsacheol.ie\\\/en\\\/an-seo\\\/\"]}]},{\"@type\":\"ImageObject\",\"inLanguage\":\"en-US\",\"@id\":\"https:\\\/\\\/www.preabsacheol.ie\\\/en\\\/an-seo\\\/#primaryimage\",\"url\":\"https:\\/\\/www.preabsacheol.ie\\/wp-content\\/uploads\\/2024\\/01\\/Pa%E2%95%A0%D0%91isti%E2%95%A0%D0%91-Su-Crogall-Preab-Amharclann-1024x683.jpeg\",\"contentUrl\":\"https:\\/\\/www.preabsacheol.ie\\/wp-content\\/uploads\\/2024\\/01\\/Pa%E2%95%A0%D0%91isti%E2%95%A0%D0%91-Su-Crogall-Preab-Amharclann-1024x683.jpeg\"},{\"@type\":\"BreadcrumbList\",\"@id\":\"https:\\\/\\\/www.preabsacheol.ie\\\/en\\\/an-seo\\\/#breadcrumb\",\"itemListElement\":[{\"@type\":\"ListItem\",\"position\":1,\"name\":\"Home\",\"item\":\"https:\\\/\\\/www.preabsacheol.ie\\\/en\\\/\"},{\"@type\":\"ListItem\",\"position\":2,\"name\":\"The Show\"}]},{\"@type\":\"WebSite\",\"@id\":\"https:\\\/\\\/www.preabsacheol.ie\\\/en\\\/#website\",\"url\":\"https:\\\/\\\/www.preabsacheol.ie\\\/en\\\/\",\"name\":\"Preab sa Cheol - Irish language pop-up book\",\"description\":\"Irish Language pop-up song book\",\"publisher\":{\"@id\":\"https:\\\/\\\/www.preabsacheol.ie\\\/en\\\/#organization\"},\"potentialAction\":[{\"@type\":\"SearchAction\",\"target\":{\"@type\":\"EntryPoint\",\"urlTemplate\":\"https:\\\/\\\/www.preabsacheol.ie\\\/en\\\/?s={search_term_string}\"},\"query-input\":{\"@type\":\"PropertyValueSpecification\",\"valueRequired\":true,\"valueName\":\"search_term_string\"}}],\"inLanguage\":\"en-US\"},{\"@type\":\"Organization\",\"@id\":\"https:\\\/\\\/www.preabsacheol.ie\\\/en\\\/#organization\",\"name\":\"Ollamh\",\"url\":\"https:\\\/\\\/www.preabsacheol.ie\\\/en\\\/\",\"logo\":{\"@type\":\"ImageObject\",\"inLanguage\":\"en-US\",\"@id\":\"https:\\\/\\\/www.preabsacheol.ie\\\/en\\\/#\\\/schema\\\/logo\\\/image\\\/\",\"url\":\"https:\\/\\/i0.wp.com\\/preabsacheol.ie\\/wp-content\\/uploads\\/2023\\/10\\/Ollamh-.png?fit=300%2C183&ssl=1\",\"contentUrl\":\"https:\\/\\/i0.wp.com\\/preabsacheol.ie\\/wp-content\\/uploads\\/2023\\/10\\/Ollamh-.png?fit=300%2C183&ssl=1\",\"width\":300,\"height\":183,\"caption\":\"Ollamh\"},\"image\":{\"@id\":\"https:\\\/\\\/www.preabsacheol.ie\\\/en\\\/#\\\/schema\\\/logo\\\/image\\\/\"},\"sameAs\":[\"https:\\\/\\\/www.facebook.com\\\/doimnic.bhride\\\/\"]}]}<\/script>\n<!-- \/ Yoast SEO plugin. -->","yoast_head_json":{"title":"The Show - Preab sa Cheol - Irish language pop-up book","robots":{"index":"index","follow":"follow","max-snippet":"max-snippet:-1","max-image-preview":"max-image-preview:large","max-video-preview":"max-video-preview:-1"},"canonical":"https:\/\/www.preabsacheol.ie\/en\/an-seo\/","og_locale":"en_US","og_type":"article","og_title":"The Show - Preab sa Cheol - Irish language pop-up book","og_description":"Preab sa Cheol, The Show \u2018Preab sa Cheol\u2019 the children\u2019s show is also available for performing at school\u2019s, cultural venue\u2019s, festival\u2019s etc. The show is based on songs from the book and the children are encouraged to sing and dance along with the musicians. Three musicians perform in the show, Suzanne N\u00ed Ghallach\u00f3ir aka Cab\u00f3g&hellip;&nbsp;Read More &raquo;The Show","og_url":"https:\/\/www.preabsacheol.ie\/en\/an-seo\/","og_site_name":"Preab sa Cheol - Irish language pop-up book","article_publisher":"https:\/\/www.facebook.com\/doimnic.bhride\/","article_modified_time":"2024-01-23T23:29:51+00:00","og_image":[{"url":"https:\/\/mldrrwsvjesl.i.optimole.com\/w:auto\/h:auto\/q:mauto\/f:best\/https:\/\/www.preabsacheol.ie\/wp-content\/uploads\/2024\/01\/Pa%E2%95%A0%D0%91isti%E2%95%A0%D0%91-Su-Crogall-Preab-Amharclann-1024x683.jpeg","type":"","width":"","height":""}],"twitter_card":"summary_large_image","twitter_misc":{"Est. reading time":"2 minutes"},"schema":{"@context":"https:\/\/schema.org","@graph":[{"@type":"WebPage","@id":"https:\/\/www.preabsacheol.ie\/en\/an-seo\/","url":"https:\/\/www.preabsacheol.ie\/en\/an-seo\/","name":"The Show - Preab sa Cheol - Irish language pop-up book","isPartOf":{"@id":"https:\/\/www.preabsacheol.ie\/en\/#website"},"primaryImageOfPage":{"@id":"https:\/\/www.preabsacheol.ie\/en\/an-seo\/#primaryimage"},"image":{"@id":"https:\/\/www.preabsacheol.ie\/en\/an-seo\/#primaryimage"},"thumbnailUrl":"https:\/\/mldrrwsvjesl.i.optimole.com\/w:auto\/h:auto\/q:mauto\/f:best\/https:\/\/www.preabsacheol.ie\/wp-content\/uploads\/2024\/01\/Pa%E2%95%A0%D0%91isti%E2%95%A0%D0%91-Su-Crogall-Preab-Amharclann-1024x683.jpeg","datePublished":"2024-01-23T23:02:25+00:00","dateModified":"2024-01-23T23:29:51+00:00","breadcrumb":{"@id":"https:\/\/www.preabsacheol.ie\/en\/an-seo\/#breadcrumb"},"inLanguage":"en-US","potentialAction":[{"@type":"ReadAction","target":["https:\/\/www.preabsacheol.ie\/en\/an-seo\/"]}]},{"@type":"ImageObject","inLanguage":"en-US","@id":"https:\/\/www.preabsacheol.ie\/en\/an-seo\/#primaryimage","url":"https:\/\/mldrrwsvjesl.i.optimole.com\/w:auto\/h:auto\/q:mauto\/f:best\/https:\/\/www.preabsacheol.ie\/wp-content\/uploads\/2024\/01\/Pa%E2%95%A0%D0%91isti%E2%95%A0%D0%91-Su-Crogall-Preab-Amharclann-1024x683.jpeg","contentUrl":"https:\/\/mldrrwsvjesl.i.optimole.com\/w:auto\/h:auto\/q:mauto\/f:best\/https:\/\/www.preabsacheol.ie\/wp-content\/uploads\/2024\/01\/Pa%E2%95%A0%D0%91isti%E2%95%A0%D0%91-Su-Crogall-Preab-Amharclann-1024x683.jpeg"},{"@type":"BreadcrumbList","@id":"https:\/\/www.preabsacheol.ie\/en\/an-seo\/#breadcrumb","itemListElement":[{"@type":"ListItem","position":1,"name":"Home","item":"https:\/\/www.preabsacheol.ie\/en\/"},{"@type":"ListItem","position":2,"name":"The Show"}]},{"@type":"WebSite","@id":"https:\/\/www.preabsacheol.ie\/en\/#website","url":"https:\/\/www.preabsacheol.ie\/en\/","name":"Preab sa Cheol - Irish language pop-up book","description":"Irish Language pop-up song book","publisher":{"@id":"https:\/\/www.preabsacheol.ie\/en\/#organization"},"potentialAction":[{"@type":"SearchAction","target":{"@type":"EntryPoint","urlTemplate":"https:\/\/www.preabsacheol.ie\/en\/?s={search_term_string}"},"query-input":{"@type":"PropertyValueSpecification","valueRequired":true,"valueName":"search_term_string"}}],"inLanguage":"en-US"},{"@type":"Organization","@id":"https:\/\/www.preabsacheol.ie\/en\/#organization","name":"Ollamh","url":"https:\/\/www.preabsacheol.ie\/en\/","logo":{"@type":"ImageObject","inLanguage":"en-US","@id":"https:\/\/www.preabsacheol.ie\/en\/#\/schema\/logo\/image\/","url":"https:\/\/mldrrwsvjesl.i.optimole.com\/w:auto\/h:auto\/q:mauto\/f:best\/https:\/\/i0.wp.com\/preabsacheol.ie\/wp-content\/uploads\/2023\/10\/Ollamh-.png?fit=300%2C183&ssl=1","contentUrl":"https:\/\/mldrrwsvjesl.i.optimole.com\/w:auto\/h:auto\/q:mauto\/f:best\/https:\/\/i0.wp.com\/preabsacheol.ie\/wp-content\/uploads\/2023\/10\/Ollamh-.png?fit=300%2C183&ssl=1","width":300,"height":183,"caption":"Ollamh"},"image":{"@id":"https:\/\/www.preabsacheol.ie\/en\/#\/schema\/logo\/image\/"},"sameAs":["https:\/\/www.facebook.com\/doimnic.bhride\/"]}]}},"jetpack_sharing_enabled":true,"_links":{"self":[{"href":"https:\/\/www.preabsacheol.ie\/en\/wp-json\/wp\/v2\/pages\/1498","targetHints":{"allow":["GET"]}}],"collection":[{"href":"https:\/\/www.preabsacheol.ie\/en\/wp-json\/wp\/v2\/pages"}],"about":[{"href":"https:\/\/www.preabsacheol.ie\/en\/wp-json\/wp\/v2\/types\/page"}],"author":[{"embeddable":true,"href":"https:\/\/www.preabsacheol.ie\/en\/wp-json\/wp\/v2\/users\/1"}],"replies":[{"embeddable":true,"href":"https:\/\/www.preabsacheol.ie\/en\/wp-json\/wp\/v2\/comments?post=1498"}],"version-history":[{"count":3,"href":"https:\/\/www.preabsacheol.ie\/en\/wp-json\/wp\/v2\/pages\/1498\/revisions"}],"predecessor-version":[{"id":1501,"href":"https:\/\/www.preabsacheol.ie\/en\/wp-json\/wp\/v2\/pages\/1498\/revisions\/1501"}],"wp:attachment":[{"href":"https:\/\/www.preabsacheol.ie\/en\/wp-json\/wp\/v2\/media?parent=1498"}],"curies":[{"name":"wp","href":"https:\/\/api.w.org\/{rel}","templated":true}]}}