{"id":860,"date":"2023-10-07T18:53:56","date_gmt":"2023-10-07T18:53:56","guid":{"rendered":"https:\/\/preabsacheol.ie\/an-crogall\/"},"modified":"2023-10-20T00:07:51","modified_gmt":"2023-10-20T00:07:51","slug":"an-crogall","status":"publish","type":"page","link":"https:\/\/www.preabsacheol.ie\/en\/an-crogall\/","title":{"rendered":"An Crogall"},"content":{"rendered":"\n<div class=\"song-group nfd-my-0 nfd-container nfd-p-lg nfd-bg-gray-100 md:nfd-border-none wp-block-group alignfull has-vivid-red-color has-nv-light-bg-background-color has-text-color has-background is-layout-flow wp-container-core-group-is-layout-330ce275 wp-block-group-is-layout-flow\" style=\"border-right-color:var(--wp--preset--color--white);border-right-width:32px;border-left-color:var(--wp--preset--color--white);border-left-width:32px;font-size:31px\">\n<h1 class=\"wp-block-heading has-text-align-center\">An Crogall<\/h1>\n\n\n\n<div class=\"wp-block-columns is-layout-flex wp-container-core-columns-is-layout-28f84493 wp-block-columns-is-layout-flex\">\n<div class=\"wp-block-column is-layout-flow wp-block-column-is-layout-flow\">\n<h2 class=\"wp-block-heading has-text-align-center\">The Song<\/h2>\n\n\n\n<figure class=\"wp-embed-aspect-16-9 wp-has-aspect-ratio wp-block-embed is-type-video is-provider-youtube wp-block-embed-youtube\"><div class=\"wp-block-embed__wrapper\">\n<div class=\"nv-iframe-embed\"><div class=\"container-lazyload preview-lazyload container-youtube js-lazyload--not-loaded\"><a href=\"https:\/\/youtu.be\/Y-HH7OStfAM\" class=\"lazy-load-youtube preview-lazyload preview-youtube\" data-video-title=\"An Crogall\" title=\"Play video &quot;An Crogall&quot;\">https:\/\/youtu.be\/Y-HH7OStfAM<\/a><noscript>Video can&#8217;t be loaded because JavaScript is disabled: <a href=\"https:\/\/youtu.be\/Y-HH7OStfAM\" title=\"An Crogall\">An Crogall (https:\/\/youtu.be\/Y-HH7OStfAM)<\/a><\/noscript><\/div><\/div>\n<\/div><\/figure>\n<\/div>\n\n\n\n<div class=\"wp-block-column is-layout-flow wp-block-column-is-layout-flow\">\n<h2 class=\"wp-block-heading has-text-align-center\">The Dance Movements<\/h2>\n\n\n\n<figure class=\"wp-embed-aspect-16-9 wp-has-aspect-ratio wp-block-embed is-type-video is-provider-youtube wp-block-embed-youtube\"><div class=\"wp-block-embed__wrapper\">\n<div class=\"nv-iframe-embed\"><div class=\"container-lazyload preview-lazyload container-youtube js-lazyload--not-loaded\"><a href=\"https:\/\/youtu.be\/91qlEPcwaSM\" class=\"lazy-load-youtube preview-lazyload preview-youtube\" data-video-title=\"Crogall gluaiseachta\u00ed\" title=\"Play video &quot;Crogall gluaiseachta\u00ed&quot;\">https:\/\/youtu.be\/91qlEPcwaSM<\/a><noscript>Video can&#8217;t be loaded because JavaScript is disabled: <a href=\"https:\/\/youtu.be\/91qlEPcwaSM\" title=\"Crogall gluaiseachta\u00ed\">Crogall gluaiseachta\u00ed (https:\/\/youtu.be\/91qlEPcwaSM)<\/a><\/noscript><\/div><\/div>\n<\/div><\/figure>\n<\/div>\n<\/div>\n<\/div>\n\n\n\n<div class=\"song-audio nfd-my-0 nfd-container nfd-p-lg nfd-bg-gray-100 md:nfd-border-none wp-block-group alignfull has-vivid-red-color has-nv-text-dark-bg-background-color has-text-color has-background is-layout-flow wp-container-core-group-is-layout-330ce275 wp-block-group-is-layout-flow\" style=\"border-right-color:var(--wp--preset--color--white);border-right-width:32px;border-left-color:var(--wp--preset--color--white);border-left-width:32px;font-size:23px\">\n<div class=\"wp-block-columns is-layout-flex wp-container-core-columns-is-layout-28f84493 wp-block-columns-is-layout-flex\">\n<div class=\"listen wp-block-column is-layout-flow wp-block-column-is-layout-flow\" style=\"padding-bottom:var(--wp--preset--spacing--80)\">\n<h2 class=\"wp-block-heading\">Listen to the Audio<\/h2>\n\n\n\n<div class=\"listen wp-block-group is-layout-constrained wp-block-group-is-layout-constrained\">\n<iframe style=\"border: 0; width: 100%; height: 42px;\" class=\"wp-block-audio\"src=\"https:\/\/bandcamp.com\/EmbeddedPlayer\/album=2218117794\/size=small\/bgcol=ffffff\/linkcol=0687f5\/track=2051341178\/transparent=true\/\" seamless><a href=\"https:\/\/doimnicmacgiollabhrde.bandcamp.com\/album\/preab-sa-cheol\">Preab sa Cheol by Doimnic Mac Giolla Bhr\u00edde<\/a><\/iframe>\n\n\n\n<div class=\"wp-block-file\"><a href=\"https:\/\/doimnicmacgiollabhrde.bandcamp.com\/track\/an-crogall\" target=\"_blank\" rel=\"noopener\"><i class=\"fas fa-download\"><\/i>&nbsp;Download the Song<\/a><\/div>\n<\/div>\n<\/div>\n\n\n\n<div class=\"wp-block-column is-layout-flow wp-block-column-is-layout-flow\">\n<p class=\"\">Ceolt\u00f3ir\u00ed; S\u00e9arlas \u00d3 Baoill, Katy N\u00ed Chn\u00e1imhs\u00ed, Seoirse Mac Fheidhlimidh, Aoife Nic Fheidhlimidh, Sophie Feirt\u00e9ar.<\/p>\n\n\n\n<p class=\"\">Damhs\u00f3ir\u00ed; S\u00e9arlas \u00d3 Baoill, Jack \u00d3 Cn\u00e1imhs\u00ed, Seoirse Mac Fheidhlimidh, Aoife Nic Fheidhlimidh, Sophie Feirt\u00e9ar, Ciara Nic Eachmharcaigh, Freya Feirt\u00e9ar, B\u00e9ibhinn Nic Giolla Chearra, Senan Mac Ph\u00e1id\u00edn.<\/p>\n\n\n\n<p class=\"\">Seinnt\u00f3ir\u00ed; Doimnic Mac Giolla Bhr\u00edde &#8211; caird\u00edn piano, dord, p\u00edb, coiri\u00fa ceoil. Niall Hackett &#8211; bas\u00faca\u00ed.<br>Meascadh fuaime; Manus Lunny.<\/p>\n<\/div>\n<\/div>\n<\/div>\n\n\n\n<div class=\"wp-block-group is-layout-constrained wp-block-group-is-layout-constrained\">\n<div class=\"wp-block-columns is-layout-flex wp-container-core-columns-is-layout-28f84493 wp-block-columns-is-layout-flex\">\n<div class=\"wp-block-column is-layout-flow wp-block-column-is-layout-flow\"><\/div>\n<\/div>\n<\/div>\n\n\n\n<p class=\"\"><\/p>\n","protected":false},"excerpt":{"rendered":"<p>An Crogall The Song The Dance Movements Listen to the Audio Preab sa Cheol by Doimnic Mac Giolla Bhr\u00edde &nbsp;Download the Song Ceolt\u00f3ir\u00ed; S\u00e9arlas \u00d3 Baoill, Katy N\u00ed Chn\u00e1imhs\u00ed, Seoirse Mac Fheidhlimidh, Aoife Nic Fheidhlimidh, Sophie Feirt\u00e9ar. Damhs\u00f3ir\u00ed; S\u00e9arlas \u00d3 Baoill, Jack \u00d3 Cn\u00e1imhs\u00ed, Seoirse Mac Fheidhlimidh, Aoife Nic Fheidhlimidh, Sophie Feirt\u00e9ar, Ciara Nic Eachmharcaigh,&hellip;&nbsp;<a href=\"https:\/\/www.preabsacheol.ie\/en\/an-crogall\/\" rel=\"bookmark\">Read More &raquo;<span class=\"screen-reader-text\">An Crogall<\/span><\/a><\/p>\n","protected":false},"author":1,"featured_media":0,"parent":0,"menu_order":0,"comment_status":"closed","ping_status":"closed","template":"","meta":{"nf_dc_page":"","om_disable_all_campaigns":false,"neve_meta_sidebar":"","neve_meta_container":"","neve_meta_enable_content_width":"","neve_meta_content_width":0,"neve_meta_title_alignment":"","neve_meta_author_avatar":"","neve_post_elements_order":"","neve_meta_disable_header":"","neve_meta_disable_footer":"","neve_meta_disable_title":"","neve_meta_reading_time":"","footnotes":""},"class_list":["post-860","page","type-page","status-publish","hentry"],"yoast_head":"<!-- This site is optimized with the Yoast SEO plugin v27.4 - https:\/\/yoast.com\/product\/yoast-seo-wordpress\/ -->\n<title>An Crogall - Preab sa Cheol - Irish language pop-up book<\/title>\n<meta name=\"description\" content=\"T\u00e1 drogall ar an chrogall!\" \/>\n<meta name=\"robots\" content=\"index, follow, max-snippet:-1, max-image-preview:large, max-video-preview:-1\" \/>\n<link rel=\"canonical\" href=\"https:\/\/www.preabsacheol.ie\/en\/an-crogall\/\" \/>\n<meta property=\"og:locale\" content=\"en_US\" \/>\n<meta property=\"og:type\" content=\"article\" \/>\n<meta property=\"og:title\" content=\"An Crogall - Preab sa Cheol - Irish language pop-up book\" \/>\n<meta property=\"og:description\" content=\"T\u00e1 drogall ar an chrogall!\" \/>\n<meta property=\"og:url\" content=\"https:\/\/www.preabsacheol.ie\/en\/an-crogall\/\" \/>\n<meta property=\"og:site_name\" content=\"Preab sa Cheol - Irish language pop-up book\" \/>\n<meta property=\"article:publisher\" content=\"https:\/\/www.facebook.com\/doimnic.bhride\/\" \/>\n<meta property=\"article:modified_time\" content=\"2023-10-20T00:07:51+00:00\" \/>\n<meta name=\"twitter:card\" content=\"summary_large_image\" \/>\n<meta name=\"twitter:label1\" content=\"Est. reading time\" \/>\n\t<meta name=\"twitter:data1\" content=\"1 minute\" \/>\n<script type=\"application\/ld+json\" class=\"yoast-schema-graph\">{\"@context\":\"https:\\\/\\\/schema.org\",\"@graph\":[{\"@type\":\"WebPage\",\"@id\":\"https:\\\/\\\/www.preabsacheol.ie\\\/en\\\/an-crogall\\\/\",\"url\":\"https:\\\/\\\/www.preabsacheol.ie\\\/en\\\/an-crogall\\\/\",\"name\":\"An Crogall - Preab sa Cheol - Irish language pop-up book\",\"isPartOf\":{\"@id\":\"https:\\\/\\\/www.preabsacheol.ie\\\/en\\\/#website\"},\"datePublished\":\"2023-10-07T18:53:56+00:00\",\"dateModified\":\"2023-10-20T00:07:51+00:00\",\"description\":\"T\u00e1 drogall ar an chrogall!\",\"breadcrumb\":{\"@id\":\"https:\\\/\\\/www.preabsacheol.ie\\\/en\\\/an-crogall\\\/#breadcrumb\"},\"inLanguage\":\"en-US\",\"potentialAction\":[{\"@type\":\"ReadAction\",\"target\":[\"https:\\\/\\\/www.preabsacheol.ie\\\/en\\\/an-crogall\\\/\"]}]},{\"@type\":\"BreadcrumbList\",\"@id\":\"https:\\\/\\\/www.preabsacheol.ie\\\/en\\\/an-crogall\\\/#breadcrumb\",\"itemListElement\":[{\"@type\":\"ListItem\",\"position\":1,\"name\":\"Home\",\"item\":\"https:\\\/\\\/www.preabsacheol.ie\\\/en\\\/\"},{\"@type\":\"ListItem\",\"position\":2,\"name\":\"An Crogall\"}]},{\"@type\":\"WebSite\",\"@id\":\"https:\\\/\\\/www.preabsacheol.ie\\\/en\\\/#website\",\"url\":\"https:\\\/\\\/www.preabsacheol.ie\\\/en\\\/\",\"name\":\"Preab sa Cheol - Irish language pop-up book\",\"description\":\"Irish Language pop-up song book\",\"publisher\":{\"@id\":\"https:\\\/\\\/www.preabsacheol.ie\\\/en\\\/#organization\"},\"potentialAction\":[{\"@type\":\"SearchAction\",\"target\":{\"@type\":\"EntryPoint\",\"urlTemplate\":\"https:\\\/\\\/www.preabsacheol.ie\\\/en\\\/?s={search_term_string}\"},\"query-input\":{\"@type\":\"PropertyValueSpecification\",\"valueRequired\":true,\"valueName\":\"search_term_string\"}}],\"inLanguage\":\"en-US\"},{\"@type\":\"Organization\",\"@id\":\"https:\\\/\\\/www.preabsacheol.ie\\\/en\\\/#organization\",\"name\":\"Ollamh\",\"url\":\"https:\\\/\\\/www.preabsacheol.ie\\\/en\\\/\",\"logo\":{\"@type\":\"ImageObject\",\"inLanguage\":\"en-US\",\"@id\":\"https:\\\/\\\/www.preabsacheol.ie\\\/en\\\/#\\\/schema\\\/logo\\\/image\\\/\",\"url\":\"https:\\/\\/i0.wp.com\\/preabsacheol.ie\\/wp-content\\/uploads\\/2023\\/10\\/Ollamh-.png?fit=300%2C183&ssl=1\",\"contentUrl\":\"https:\\/\\/i0.wp.com\\/preabsacheol.ie\\/wp-content\\/uploads\\/2023\\/10\\/Ollamh-.png?fit=300%2C183&ssl=1\",\"width\":300,\"height\":183,\"caption\":\"Ollamh\"},\"image\":{\"@id\":\"https:\\\/\\\/www.preabsacheol.ie\\\/en\\\/#\\\/schema\\\/logo\\\/image\\\/\"},\"sameAs\":[\"https:\\\/\\\/www.facebook.com\\\/doimnic.bhride\\\/\"]}]}<\/script>\n<!-- \/ Yoast SEO plugin. -->","yoast_head_json":{"title":"An Crogall - Preab sa Cheol - Irish language pop-up book","description":"T\u00e1 drogall ar an chrogall!","robots":{"index":"index","follow":"follow","max-snippet":"max-snippet:-1","max-image-preview":"max-image-preview:large","max-video-preview":"max-video-preview:-1"},"canonical":"https:\/\/www.preabsacheol.ie\/en\/an-crogall\/","og_locale":"en_US","og_type":"article","og_title":"An Crogall - Preab sa Cheol - Irish language pop-up book","og_description":"T\u00e1 drogall ar an chrogall!","og_url":"https:\/\/www.preabsacheol.ie\/en\/an-crogall\/","og_site_name":"Preab sa Cheol - Irish language pop-up book","article_publisher":"https:\/\/www.facebook.com\/doimnic.bhride\/","article_modified_time":"2023-10-20T00:07:51+00:00","twitter_card":"summary_large_image","twitter_misc":{"Est. reading time":"1 minute"},"schema":{"@context":"https:\/\/schema.org","@graph":[{"@type":"WebPage","@id":"https:\/\/www.preabsacheol.ie\/en\/an-crogall\/","url":"https:\/\/www.preabsacheol.ie\/en\/an-crogall\/","name":"An Crogall - Preab sa Cheol - Irish language pop-up book","isPartOf":{"@id":"https:\/\/www.preabsacheol.ie\/en\/#website"},"datePublished":"2023-10-07T18:53:56+00:00","dateModified":"2023-10-20T00:07:51+00:00","description":"T\u00e1 drogall ar an chrogall!","breadcrumb":{"@id":"https:\/\/www.preabsacheol.ie\/en\/an-crogall\/#breadcrumb"},"inLanguage":"en-US","potentialAction":[{"@type":"ReadAction","target":["https:\/\/www.preabsacheol.ie\/en\/an-crogall\/"]}]},{"@type":"BreadcrumbList","@id":"https:\/\/www.preabsacheol.ie\/en\/an-crogall\/#breadcrumb","itemListElement":[{"@type":"ListItem","position":1,"name":"Home","item":"https:\/\/www.preabsacheol.ie\/en\/"},{"@type":"ListItem","position":2,"name":"An Crogall"}]},{"@type":"WebSite","@id":"https:\/\/www.preabsacheol.ie\/en\/#website","url":"https:\/\/www.preabsacheol.ie\/en\/","name":"Preab sa Cheol - Irish language pop-up book","description":"Irish Language pop-up song book","publisher":{"@id":"https:\/\/www.preabsacheol.ie\/en\/#organization"},"potentialAction":[{"@type":"SearchAction","target":{"@type":"EntryPoint","urlTemplate":"https:\/\/www.preabsacheol.ie\/en\/?s={search_term_string}"},"query-input":{"@type":"PropertyValueSpecification","valueRequired":true,"valueName":"search_term_string"}}],"inLanguage":"en-US"},{"@type":"Organization","@id":"https:\/\/www.preabsacheol.ie\/en\/#organization","name":"Ollamh","url":"https:\/\/www.preabsacheol.ie\/en\/","logo":{"@type":"ImageObject","inLanguage":"en-US","@id":"https:\/\/www.preabsacheol.ie\/en\/#\/schema\/logo\/image\/","url":"https:\/\/mldrrwsvjesl.i.optimole.com\/w:auto\/h:auto\/q:mauto\/f:best\/https:\/\/i0.wp.com\/preabsacheol.ie\/wp-content\/uploads\/2023\/10\/Ollamh-.png?fit=300%2C183&ssl=1","contentUrl":"https:\/\/mldrrwsvjesl.i.optimole.com\/w:auto\/h:auto\/q:mauto\/f:best\/https:\/\/i0.wp.com\/preabsacheol.ie\/wp-content\/uploads\/2023\/10\/Ollamh-.png?fit=300%2C183&ssl=1","width":300,"height":183,"caption":"Ollamh"},"image":{"@id":"https:\/\/www.preabsacheol.ie\/en\/#\/schema\/logo\/image\/"},"sameAs":["https:\/\/www.facebook.com\/doimnic.bhride\/"]}]}},"jetpack_sharing_enabled":true,"_links":{"self":[{"href":"https:\/\/www.preabsacheol.ie\/en\/wp-json\/wp\/v2\/pages\/860","targetHints":{"allow":["GET"]}}],"collection":[{"href":"https:\/\/www.preabsacheol.ie\/en\/wp-json\/wp\/v2\/pages"}],"about":[{"href":"https:\/\/www.preabsacheol.ie\/en\/wp-json\/wp\/v2\/types\/page"}],"author":[{"embeddable":true,"href":"https:\/\/www.preabsacheol.ie\/en\/wp-json\/wp\/v2\/users\/1"}],"replies":[{"embeddable":true,"href":"https:\/\/www.preabsacheol.ie\/en\/wp-json\/wp\/v2\/comments?post=860"}],"version-history":[{"count":5,"href":"https:\/\/www.preabsacheol.ie\/en\/wp-json\/wp\/v2\/pages\/860\/revisions"}],"predecessor-version":[{"id":1399,"href":"https:\/\/www.preabsacheol.ie\/en\/wp-json\/wp\/v2\/pages\/860\/revisions\/1399"}],"wp:attachment":[{"href":"https:\/\/www.preabsacheol.ie\/en\/wp-json\/wp\/v2\/media?parent=860"}],"curies":[{"name":"wp","href":"https:\/\/api.w.org\/{rel}","templated":true}]}}