{"id":509,"date":"2023-09-21T18:34:14","date_gmt":"2023-09-21T18:34:14","guid":{"rendered":"https:\/\/preabsacheol.ie\/product\/ici-pici\/"},"modified":"2023-10-05T12:00:15","modified_gmt":"2023-10-05T12:00:15","slug":"ici-pici","status":"publish","type":"product","link":"https:\/\/www.preabsacheol.ie\/en\/siopa\/ici-pici\/","title":{"rendered":"\u00cdc\u00ed P\u00edc\u00ed"},"content":{"rendered":"&#13;\n<p>This beautiful book and CD contains 24 exciting new songs that will inspire children to sing and dance.<\/p>&#13;\n&#13;\n<p>Singing, singing, singing and singing with them, singing sweetly to children from the Donegal Gaeltacht.<\/p>&#13;\n&#13;\n<p>It is a beautiful gift for children from 3 to 12 years of age. Each song is a small story for yourself that shelters up a whole world of imagination for the child.<\/p>&#13;\n&#13;\n<p>Poems and rhymes written by Nellie Nic Giolla Bhr\u00edde, a former school teacher, put to music by her son, Doimnic, accompanied by the amazing insect band. It\u2019s wonderfully illustrated by Dara McGee and designed by Sin\u00e9ad N\u00ed Chadhain. This is a book that every child, young and old, will enjoy.<\/p>&#13;\n","protected":false},"excerpt":{"rendered":"<p>This beautiful book and CD contains 24 exciting new songs that will inspire children to sing and dance.<br \/>Singing, singing, singing and singing with them, singing sweetly to children from the Donegal Gaeltacht.<br \/>It is a beautiful gift for children from 3 to 12 years of age. Each song is a small story for yourself that shelters up a whole world of imagination for the child.<\/p>\n<p>Poems and rhymes written by Nellie Nic Giolla Bhr\u00edde, a former school teacher, put to music by her son, Doimnic, accompanied by the amazing insect band. It\u2019s wonderfully illustrated by Dara McGee and designed by Sin\u00e9ad N\u00ed Chadhain. This is a book that every child, young and old, will enjoy.<\/p>\n","protected":false},"featured_media":268,"template":"","meta":{"nf_dc_page":"","om_disable_all_campaigns":false,"neve_meta_sidebar":"","neve_meta_container":"","neve_meta_enable_content_width":"off","neve_meta_content_width":100,"neve_meta_title_alignment":"","neve_meta_author_avatar":"","neve_post_elements_order":"","neve_meta_disable_header":"","neve_meta_disable_footer":"","neve_meta_disable_title":"","neve_meta_reading_time":""},"product_brand":[],"product_cat":[18],"product_tag":[],"class_list":{"0":"post-509","1":"product","2":"type-product","3":"status-publish","4":"has-post-thumbnail","6":"product_cat-uncategorized","7":"product_shipping_class-books-en","9":"first","10":"instock","11":"shipping-taxable","12":"purchasable","13":"product-type-simple"},"yoast_head":"<!-- This site is optimized with the Yoast SEO plugin v27.4 - https:\/\/yoast.com\/product\/yoast-seo-wordpress\/ -->\n<title>\u00cdc\u00ed P\u00edc\u00ed - Preab sa Cheol - Irish language pop-up book<\/title>\n<meta name=\"robots\" content=\"index, follow, max-snippet:-1, max-image-preview:large, max-video-preview:-1\" \/>\n<link rel=\"canonical\" href=\"https:\/\/www.preabsacheol.ie\/en\/siopa\/ici-pici\/\" \/>\n<meta property=\"og:locale\" content=\"en_US\" \/>\n<meta property=\"og:type\" content=\"article\" \/>\n<meta property=\"og:title\" content=\"\u00cdc\u00ed P\u00edc\u00ed - Preab sa Cheol - Irish language pop-up book\" \/>\n<meta property=\"og:description\" content=\"This beautiful book and CD contains 24 exciting new songs that will inspire children to sing and dance.Singing, singing, singing and singing with them, singing sweetly to children from the Donegal Gaeltacht.It is a beautiful gift for children from 3 to 12 years of age. Each song is a small story for yourself that shelters up a whole world of imagination for the child.Poems and rhymes written by Nellie Nic Giolla Bhr\u00edde, a former school teacher, put to music by her son, Doimnic, accompanied by the amazing insect band. It\u2019s wonderfully illustrated by Dara McGee and designed by Sin\u00e9ad N\u00ed Chadhain. This is a book that every child, young and old, will enjoy.\" \/>\n<meta property=\"og:url\" content=\"https:\/\/www.preabsacheol.ie\/en\/siopa\/ici-pici\/\" \/>\n<meta property=\"og:site_name\" content=\"Preab sa Cheol - Irish language pop-up book\" \/>\n<meta property=\"article:publisher\" content=\"https:\/\/www.facebook.com\/doimnic.bhride\/\" \/>\n<meta property=\"article:modified_time\" content=\"2023-10-05T12:00:15+00:00\" \/>\n<meta property=\"og:image\" content=\"https:\/\/mldrrwsvjesl.i.optimole.com\/w:auto\/h:auto\/q:mauto\/f:best\/https:\/\/i0.wp.com\/www.preabsacheol.ie\/wp-content\/uploads\/2023\/09\/ici-pici.jpg?fit=448%2C597&ssl=1\" \/>\n\t<meta property=\"og:image:width\" content=\"448\" \/>\n\t<meta property=\"og:image:height\" content=\"597\" \/>\n\t<meta property=\"og:image:type\" content=\"image\/jpeg\" \/>\n<meta name=\"twitter:card\" content=\"summary_large_image\" \/>\n<meta name=\"twitter:label1\" content=\"Est. reading time\" \/>\n\t<meta name=\"twitter:data1\" content=\"1 minute\" \/>\n<script type=\"application\/ld+json\" class=\"yoast-schema-graph\">{\"@context\":\"https:\\\/\\\/schema.org\",\"@graph\":[{\"@type\":\"WebPage\",\"@id\":\"https:\\\/\\\/www.preabsacheol.ie\\\/en\\\/siopa\\\/ici-pici\\\/\",\"url\":\"https:\\\/\\\/www.preabsacheol.ie\\\/en\\\/siopa\\\/ici-pici\\\/\",\"name\":\"\u00cdc\u00ed P\u00edc\u00ed - Preab sa Cheol - Irish language pop-up book\",\"isPartOf\":{\"@id\":\"https:\\\/\\\/www.preabsacheol.ie\\\/en\\\/#website\"},\"primaryImageOfPage\":{\"@id\":\"https:\\\/\\\/www.preabsacheol.ie\\\/en\\\/siopa\\\/ici-pici\\\/#primaryimage\"},\"image\":{\"@id\":\"https:\\\/\\\/www.preabsacheol.ie\\\/en\\\/siopa\\\/ici-pici\\\/#primaryimage\"},\"thumbnailUrl\":\"https:\\/\\/i0.wp.com\\/www.preabsacheol.ie\\/wp-content\\/uploads\\/2023\\/09\\/ici-pici.jpg?fit=448%2C597&ssl=1\",\"datePublished\":\"2023-09-21T18:34:14+00:00\",\"dateModified\":\"2023-10-05T12:00:15+00:00\",\"breadcrumb\":{\"@id\":\"https:\\\/\\\/www.preabsacheol.ie\\\/en\\\/siopa\\\/ici-pici\\\/#breadcrumb\"},\"inLanguage\":\"en-US\",\"potentialAction\":[{\"@type\":\"ReadAction\",\"target\":[\"https:\\\/\\\/www.preabsacheol.ie\\\/en\\\/siopa\\\/ici-pici\\\/\"]}]},{\"@type\":\"ImageObject\",\"inLanguage\":\"en-US\",\"@id\":\"https:\\\/\\\/www.preabsacheol.ie\\\/en\\\/siopa\\\/ici-pici\\\/#primaryimage\",\"url\":\"https:\\/\\/i0.wp.com\\/www.preabsacheol.ie\\/wp-content\\/uploads\\/2023\\/09\\/ici-pici.jpg?fit=448%2C597&ssl=1\",\"contentUrl\":\"https:\\/\\/i0.wp.com\\/www.preabsacheol.ie\\/wp-content\\/uploads\\/2023\\/09\\/ici-pici.jpg?fit=448%2C597&ssl=1\",\"width\":448,\"height\":597},{\"@type\":\"BreadcrumbList\",\"@id\":\"https:\\\/\\\/www.preabsacheol.ie\\\/en\\\/siopa\\\/ici-pici\\\/#breadcrumb\",\"itemListElement\":[{\"@type\":\"ListItem\",\"position\":1,\"name\":\"Home\",\"item\":\"https:\\\/\\\/www.preabsacheol.ie\\\/en\\\/\"},{\"@type\":\"ListItem\",\"position\":2,\"name\":\"Siopa\",\"item\":\"https:\\\/\\\/www.preabsacheol.ie\\\/siopa\\\/\"},{\"@type\":\"ListItem\",\"position\":3,\"name\":\"\u00cdc\u00ed P\u00edc\u00ed\"}]},{\"@type\":\"WebSite\",\"@id\":\"https:\\\/\\\/www.preabsacheol.ie\\\/en\\\/#website\",\"url\":\"https:\\\/\\\/www.preabsacheol.ie\\\/en\\\/\",\"name\":\"Preab sa Cheol - Irish language pop-up book\",\"description\":\"Irish Language pop-up song book\",\"publisher\":{\"@id\":\"https:\\\/\\\/www.preabsacheol.ie\\\/en\\\/#organization\"},\"potentialAction\":[{\"@type\":\"SearchAction\",\"target\":{\"@type\":\"EntryPoint\",\"urlTemplate\":\"https:\\\/\\\/www.preabsacheol.ie\\\/en\\\/?s={search_term_string}\"},\"query-input\":{\"@type\":\"PropertyValueSpecification\",\"valueRequired\":true,\"valueName\":\"search_term_string\"}}],\"inLanguage\":\"en-US\"},{\"@type\":\"Organization\",\"@id\":\"https:\\\/\\\/www.preabsacheol.ie\\\/en\\\/#organization\",\"name\":\"Ollamh\",\"url\":\"https:\\\/\\\/www.preabsacheol.ie\\\/en\\\/\",\"logo\":{\"@type\":\"ImageObject\",\"inLanguage\":\"en-US\",\"@id\":\"https:\\\/\\\/www.preabsacheol.ie\\\/en\\\/#\\\/schema\\\/logo\\\/image\\\/\",\"url\":\"https:\\/\\/i0.wp.com\\/preabsacheol.ie\\/wp-content\\/uploads\\/2023\\/10\\/Ollamh-.png?fit=300%2C183&ssl=1\",\"contentUrl\":\"https:\\/\\/i0.wp.com\\/preabsacheol.ie\\/wp-content\\/uploads\\/2023\\/10\\/Ollamh-.png?fit=300%2C183&ssl=1\",\"width\":300,\"height\":183,\"caption\":\"Ollamh\"},\"image\":{\"@id\":\"https:\\\/\\\/www.preabsacheol.ie\\\/en\\\/#\\\/schema\\\/logo\\\/image\\\/\"},\"sameAs\":[\"https:\\\/\\\/www.facebook.com\\\/doimnic.bhride\\\/\"]}]}<\/script>\n<!-- \/ Yoast SEO plugin. -->","yoast_head_json":{"title":"\u00cdc\u00ed P\u00edc\u00ed - Preab sa Cheol - Irish language pop-up book","robots":{"index":"index","follow":"follow","max-snippet":"max-snippet:-1","max-image-preview":"max-image-preview:large","max-video-preview":"max-video-preview:-1"},"canonical":"https:\/\/www.preabsacheol.ie\/en\/siopa\/ici-pici\/","og_locale":"en_US","og_type":"article","og_title":"\u00cdc\u00ed P\u00edc\u00ed - Preab sa Cheol - Irish language pop-up book","og_description":"This beautiful book and CD contains 24 exciting new songs that will inspire children to sing and dance.Singing, singing, singing and singing with them, singing sweetly to children from the Donegal Gaeltacht.It is a beautiful gift for children from 3 to 12 years of age. Each song is a small story for yourself that shelters up a whole world of imagination for the child.Poems and rhymes written by Nellie Nic Giolla Bhr\u00edde, a former school teacher, put to music by her son, Doimnic, accompanied by the amazing insect band. It\u2019s wonderfully illustrated by Dara McGee and designed by Sin\u00e9ad N\u00ed Chadhain. This is a book that every child, young and old, will enjoy.","og_url":"https:\/\/www.preabsacheol.ie\/en\/siopa\/ici-pici\/","og_site_name":"Preab sa Cheol - Irish language pop-up book","article_publisher":"https:\/\/www.facebook.com\/doimnic.bhride\/","article_modified_time":"2023-10-05T12:00:15+00:00","og_image":[{"width":448,"height":597,"url":"https:\/\/mldrrwsvjesl.i.optimole.com\/w:auto\/h:auto\/q:mauto\/f:best\/https:\/\/i0.wp.com\/www.preabsacheol.ie\/wp-content\/uploads\/2023\/09\/ici-pici.jpg?fit=448%2C597&ssl=1","type":"image\/jpeg"}],"twitter_card":"summary_large_image","twitter_misc":{"Est. reading time":"1 minute"},"schema":{"@context":"https:\/\/schema.org","@graph":[{"@type":"WebPage","@id":"https:\/\/www.preabsacheol.ie\/en\/siopa\/ici-pici\/","url":"https:\/\/www.preabsacheol.ie\/en\/siopa\/ici-pici\/","name":"\u00cdc\u00ed P\u00edc\u00ed - Preab sa Cheol - Irish language pop-up book","isPartOf":{"@id":"https:\/\/www.preabsacheol.ie\/en\/#website"},"primaryImageOfPage":{"@id":"https:\/\/www.preabsacheol.ie\/en\/siopa\/ici-pici\/#primaryimage"},"image":{"@id":"https:\/\/www.preabsacheol.ie\/en\/siopa\/ici-pici\/#primaryimage"},"thumbnailUrl":"https:\/\/mldrrwsvjesl.i.optimole.com\/w:auto\/h:auto\/q:mauto\/f:best\/https:\/\/i0.wp.com\/www.preabsacheol.ie\/wp-content\/uploads\/2023\/09\/ici-pici.jpg?fit=448%2C597&ssl=1","datePublished":"2023-09-21T18:34:14+00:00","dateModified":"2023-10-05T12:00:15+00:00","breadcrumb":{"@id":"https:\/\/www.preabsacheol.ie\/en\/siopa\/ici-pici\/#breadcrumb"},"inLanguage":"en-US","potentialAction":[{"@type":"ReadAction","target":["https:\/\/www.preabsacheol.ie\/en\/siopa\/ici-pici\/"]}]},{"@type":"ImageObject","inLanguage":"en-US","@id":"https:\/\/www.preabsacheol.ie\/en\/siopa\/ici-pici\/#primaryimage","url":"https:\/\/mldrrwsvjesl.i.optimole.com\/w:auto\/h:auto\/q:mauto\/f:best\/https:\/\/i0.wp.com\/www.preabsacheol.ie\/wp-content\/uploads\/2023\/09\/ici-pici.jpg?fit=448%2C597&ssl=1","contentUrl":"https:\/\/mldrrwsvjesl.i.optimole.com\/w:auto\/h:auto\/q:mauto\/f:best\/https:\/\/i0.wp.com\/www.preabsacheol.ie\/wp-content\/uploads\/2023\/09\/ici-pici.jpg?fit=448%2C597&ssl=1","width":448,"height":597},{"@type":"BreadcrumbList","@id":"https:\/\/www.preabsacheol.ie\/en\/siopa\/ici-pici\/#breadcrumb","itemListElement":[{"@type":"ListItem","position":1,"name":"Home","item":"https:\/\/www.preabsacheol.ie\/en\/"},{"@type":"ListItem","position":2,"name":"Siopa","item":"https:\/\/www.preabsacheol.ie\/siopa\/"},{"@type":"ListItem","position":3,"name":"\u00cdc\u00ed P\u00edc\u00ed"}]},{"@type":"WebSite","@id":"https:\/\/www.preabsacheol.ie\/en\/#website","url":"https:\/\/www.preabsacheol.ie\/en\/","name":"Preab sa Cheol - Irish language pop-up book","description":"Irish Language pop-up song book","publisher":{"@id":"https:\/\/www.preabsacheol.ie\/en\/#organization"},"potentialAction":[{"@type":"SearchAction","target":{"@type":"EntryPoint","urlTemplate":"https:\/\/www.preabsacheol.ie\/en\/?s={search_term_string}"},"query-input":{"@type":"PropertyValueSpecification","valueRequired":true,"valueName":"search_term_string"}}],"inLanguage":"en-US"},{"@type":"Organization","@id":"https:\/\/www.preabsacheol.ie\/en\/#organization","name":"Ollamh","url":"https:\/\/www.preabsacheol.ie\/en\/","logo":{"@type":"ImageObject","inLanguage":"en-US","@id":"https:\/\/www.preabsacheol.ie\/en\/#\/schema\/logo\/image\/","url":"https:\/\/mldrrwsvjesl.i.optimole.com\/w:auto\/h:auto\/q:mauto\/f:best\/https:\/\/i0.wp.com\/preabsacheol.ie\/wp-content\/uploads\/2023\/10\/Ollamh-.png?fit=300%2C183&ssl=1","contentUrl":"https:\/\/mldrrwsvjesl.i.optimole.com\/w:auto\/h:auto\/q:mauto\/f:best\/https:\/\/i0.wp.com\/preabsacheol.ie\/wp-content\/uploads\/2023\/10\/Ollamh-.png?fit=300%2C183&ssl=1","width":300,"height":183,"caption":"Ollamh"},"image":{"@id":"https:\/\/www.preabsacheol.ie\/en\/#\/schema\/logo\/image\/"},"sameAs":["https:\/\/www.facebook.com\/doimnic.bhride\/"]}]}},"jetpack_sharing_enabled":true,"_links":{"self":[{"href":"https:\/\/www.preabsacheol.ie\/en\/wp-json\/wp\/v2\/product\/509","targetHints":{"allow":["GET"]}}],"collection":[{"href":"https:\/\/www.preabsacheol.ie\/en\/wp-json\/wp\/v2\/product"}],"about":[{"href":"https:\/\/www.preabsacheol.ie\/en\/wp-json\/wp\/v2\/types\/product"}],"wp:featuredmedia":[{"embeddable":true,"href":"https:\/\/www.preabsacheol.ie\/en\/wp-json\/wp\/v2\/media\/268"}],"wp:attachment":[{"href":"https:\/\/www.preabsacheol.ie\/en\/wp-json\/wp\/v2\/media?parent=509"}],"wp:term":[{"taxonomy":"product_brand","embeddable":true,"href":"https:\/\/www.preabsacheol.ie\/en\/wp-json\/wp\/v2\/product_brand?post=509"},{"taxonomy":"product_cat","embeddable":true,"href":"https:\/\/www.preabsacheol.ie\/en\/wp-json\/wp\/v2\/product_cat?post=509"},{"taxonomy":"product_tag","embeddable":true,"href":"https:\/\/www.preabsacheol.ie\/en\/wp-json\/wp\/v2\/product_tag?post=509"}],"curies":[{"name":"wp","href":"https:\/\/api.w.org\/{rel}","templated":true}]}}