{"id":558,"date":"2023-09-14T19:00:54","date_gmt":"2023-09-14T19:00:54","guid":{"rendered":"https:\/\/preabsacheol.ie\/siopa\/preab-sa-cheol\/"},"modified":"2023-10-05T13:06:37","modified_gmt":"2023-10-05T13:06:37","slug":"preab-sa-cheol","status":"publish","type":"product","link":"https:\/\/www.preabsacheol.ie\/en\/siopa\/preab-sa-cheol\/","title":{"rendered":"Preab sa Cheol"},"content":{"rendered":"\r\n<p>Seo an ch\u00e9ad preableabhar a rinneadh i n\u00c9irinn! Thig leat ceol a sheinm ar an leabhar seo, c\u00f3s\u00fail le uirlis cheoil!<\/p>\r\n\r\n\r\n\r\n<p>Sa leabhar seo t\u00e1 seacht n-amhr\u00e1n nua-chumtha do ph\u00e1ist\u00ed (3-11bl) at\u00e1<br \/>spraoi\u00fail ach ag an am ch\u00e9anna oideachasi\u00fail.<br \/>Preabann caracht\u00e9ir\u00ed suimi\u00fala an\u00edos amach as leabhar do achan amhr\u00e1n, T\u00e1<br \/>drogall ar An Chrogall agus n\u00ed stadann s\u00e9 a ithe, preabann currach agus<br \/>r\u00e1mha\u00ed an\u00edos in Ag R\u00e1mha\u00edocht ach coimh\u00e9ad t\u00fa f\u00e9in ar an foghla mara! N\u00ed<br \/>thig le a dheath a theacht as D\u00fan na nGall muna bhfuil an Earagail<br \/>luaite agus sa leabhar seo t\u00e1 iolar m\u00f3r ag eitilt thart f\u00e1n Earagail!<\/p>\r\n\r\n\r\n\r\n<p>Rugann cearc ubh mh\u00f3r bhu\u00ed fhad agus t\u00e1 na p\u00e1ist\u00ed ag foghlaim Damhsa na<br \/>gCearc. Br\u00faann An P\u00edobaire M\u00f3r m\u00e1la na bp\u00edob agus \u00e9 ag seinm cois<br \/>teallaigh. Preabann cas\u00fa, uirlis cheoil a dtig leat a sheinm, amach le<br \/>Caitl\u00edn N\u00edc Giolla Cas\u00fa.<\/p>\r\n\r\n\r\n\r\n<p>Thig leat foghlaim an d\u00f3igh le cas\u00fa a sheinm anseo!<\/p>\r\n\r\n\r\n\r\n<p>Sa tamhr\u00e1n deireanach, preabann Uachtar\u00e1n na h\u00c9ireann \u00e9 f\u00e9in amach as<br \/>\u00c1ras an Uachtar\u00e1in le f\u00e1ilte a chuir romhainn in Nuair a bheas m\u00e9 m\u00f3r.<\/p>\r\n\r\n\r\n\r\n<p>T\u00e1 gluaiseachta\u00ed damhsa le c\u00faig\u00e9ar de na hamhr\u00e1in Taisp\u00e9anann p\u00e1ist\u00ed as<br \/>Gaeltacht Th\u00edr Chonaill an d\u00f3igh le na gluaiseachta\u00ed a dh\u00e9anamh sna<br \/>f\u00edse\u00e1in ar an su\u00edomh. T\u00e1 na gluaiseachta\u00ed bre\u00e1 furast agus piocfadh<br \/>p\u00e1ist\u00ed scoile suas iad in c\u00faig bhomaite.<\/p>\r\n\r\n\r\n\r\n<p>In sa r\u00e9 f\u00f3n p\u00f3ca seo ina bhfuil muid beo seo d\u00f3igh mhaith le lige\u00e1n do<br \/>ph\u00e1ist\u00ed s\u00fagradh go foll\u00e1in mar ph\u00e1ist\u00ed, le hamhr\u00e1in agus damhsa\u00ed \u00fara le<br \/>foghlaim agus tr\u00e9an sp\u00e1is ag p\u00e1ist\u00ed a gcuid samhla\u00edochta f\u00e9in a \u00fas\u00e1id.<\/p>\r\n","protected":false},"excerpt":{"rendered":"<p>Seo an ch\u00e9ad preableabhar a rinneadh i n\u00c9irinn! Thig leat ceol a sheinm ar an leabhar seo, c\u00f3s\u00fail le uirlis cheoil! Sa leabhar seo t\u00e1 seacht n-amhr\u00e1n nua-chumtha do ph\u00e1ist\u00ed (3-11bl) at\u00e1spraoi\u00fail ach ag an am ch\u00e9anna oideachasi\u00fail.Preabann caracht\u00e9ir\u00ed suimi\u00fala an\u00edos amach as leabhar do achan amhr\u00e1n, T\u00e1drogall ar An Chrogall agus n\u00ed stadann s\u00e9&hellip;&nbsp;<a href=\"https:\/\/www.preabsacheol.ie\/en\/siopa\/preab-sa-cheol\/\" rel=\"bookmark\">Read More &raquo;<span class=\"screen-reader-text\">Preab sa Cheol<\/span><\/a><\/p>\n","protected":false},"featured_media":270,"template":"","meta":{"nf_dc_page":"","om_disable_all_campaigns":false,"neve_meta_sidebar":"","neve_meta_container":"","neve_meta_enable_content_width":"off","neve_meta_content_width":100,"neve_meta_title_alignment":"","neve_meta_author_avatar":"","neve_post_elements_order":"","neve_meta_disable_header":"","neve_meta_disable_footer":"","neve_meta_disable_title":"","neve_meta_reading_time":""},"product_brand":[],"product_cat":[18],"product_tag":[],"class_list":{"0":"post-558","1":"product","2":"type-product","3":"status-publish","4":"has-post-thumbnail","6":"product_cat-uncategorized","7":"product_shipping_class-books-en","9":"first","10":"instock","11":"featured","12":"shipping-taxable","13":"purchasable","14":"product-type-simple"},"yoast_head":"<!-- This site is optimized with the Yoast SEO plugin v27.4 - https:\/\/yoast.com\/product\/yoast-seo-wordpress\/ -->\n<title>Preab sa Cheol - Preab sa Cheol - Irish language pop-up book<\/title>\n<meta name=\"robots\" content=\"index, follow, max-snippet:-1, max-image-preview:large, max-video-preview:-1\" \/>\n<link rel=\"canonical\" href=\"https:\/\/www.preabsacheol.ie\/en\/siopa\/preab-sa-cheol\/\" \/>\n<meta property=\"og:locale\" content=\"en_US\" \/>\n<meta property=\"og:type\" content=\"article\" \/>\n<meta property=\"og:title\" content=\"Preab sa Cheol - Preab sa Cheol - Irish language pop-up book\" \/>\n<meta property=\"og:description\" content=\"Seo an ch\u00e9ad preableabhar a rinneadh i n\u00c9irinn! Thig leat ceol a sheinm ar an leabhar seo, c\u00f3s\u00fail le uirlis cheoil! Sa leabhar seo t\u00e1 seacht n-amhr\u00e1n nua-chumtha do ph\u00e1ist\u00ed (3-11bl) at\u00e1spraoi\u00fail ach ag an am ch\u00e9anna oideachasi\u00fail.Preabann caracht\u00e9ir\u00ed suimi\u00fala an\u00edos amach as leabhar do achan amhr\u00e1n, T\u00e1drogall ar An Chrogall agus n\u00ed stadann s\u00e9&hellip;&nbsp;Read More &raquo;Preab sa Cheol\" \/>\n<meta property=\"og:url\" content=\"https:\/\/www.preabsacheol.ie\/en\/siopa\/preab-sa-cheol\/\" \/>\n<meta property=\"og:site_name\" content=\"Preab sa Cheol - Irish language pop-up book\" \/>\n<meta property=\"article:publisher\" content=\"https:\/\/www.facebook.com\/doimnic.bhride\/\" \/>\n<meta property=\"article:modified_time\" content=\"2023-10-05T13:06:37+00:00\" \/>\n<meta property=\"og:image\" content=\"https:\/\/mldrrwsvjesl.i.optimole.com\/w:auto\/h:auto\/q:mauto\/f:best\/https:\/\/i0.wp.com\/www.preabsacheol.ie\/wp-content\/uploads\/2023\/09\/preab-cludach-e1696932289447.png?fit=443%2C613&ssl=1\" \/>\n\t<meta property=\"og:image:width\" content=\"443\" \/>\n\t<meta property=\"og:image:height\" content=\"613\" \/>\n\t<meta property=\"og:image:type\" content=\"image\/png\" \/>\n<meta name=\"twitter:card\" content=\"summary_large_image\" \/>\n<meta name=\"twitter:label1\" content=\"Est. reading time\" \/>\n\t<meta name=\"twitter:data1\" content=\"2 minutes\" \/>\n<script type=\"application\/ld+json\" class=\"yoast-schema-graph\">{\"@context\":\"https:\\\/\\\/schema.org\",\"@graph\":[{\"@type\":\"WebPage\",\"@id\":\"https:\\\/\\\/www.preabsacheol.ie\\\/en\\\/siopa\\\/preab-sa-cheol\\\/\",\"url\":\"https:\\\/\\\/www.preabsacheol.ie\\\/en\\\/siopa\\\/preab-sa-cheol\\\/\",\"name\":\"Preab sa Cheol - Preab sa Cheol - Irish language pop-up book\",\"isPartOf\":{\"@id\":\"https:\\\/\\\/www.preabsacheol.ie\\\/en\\\/#website\"},\"primaryImageOfPage\":{\"@id\":\"https:\\\/\\\/www.preabsacheol.ie\\\/en\\\/siopa\\\/preab-sa-cheol\\\/#primaryimage\"},\"image\":{\"@id\":\"https:\\\/\\\/www.preabsacheol.ie\\\/en\\\/siopa\\\/preab-sa-cheol\\\/#primaryimage\"},\"thumbnailUrl\":\"https:\\/\\/i0.wp.com\\/www.preabsacheol.ie\\/wp-content\\/uploads\\/2023\\/09\\/preab-cludach-e1696932289447.png?fit=443%2C613&ssl=1\",\"datePublished\":\"2023-09-14T19:00:54+00:00\",\"dateModified\":\"2023-10-05T13:06:37+00:00\",\"breadcrumb\":{\"@id\":\"https:\\\/\\\/www.preabsacheol.ie\\\/en\\\/siopa\\\/preab-sa-cheol\\\/#breadcrumb\"},\"inLanguage\":\"en-US\",\"potentialAction\":[{\"@type\":\"ReadAction\",\"target\":[\"https:\\\/\\\/www.preabsacheol.ie\\\/en\\\/siopa\\\/preab-sa-cheol\\\/\"]}]},{\"@type\":\"ImageObject\",\"inLanguage\":\"en-US\",\"@id\":\"https:\\\/\\\/www.preabsacheol.ie\\\/en\\\/siopa\\\/preab-sa-cheol\\\/#primaryimage\",\"url\":\"https:\\/\\/i0.wp.com\\/www.preabsacheol.ie\\/wp-content\\/uploads\\/2023\\/09\\/preab-cludach-e1696932289447.png?fit=443%2C613&ssl=1\",\"contentUrl\":\"https:\\/\\/i0.wp.com\\/www.preabsacheol.ie\\/wp-content\\/uploads\\/2023\\/09\\/preab-cludach-e1696932289447.png?fit=443%2C613&ssl=1\",\"width\":443,\"height\":613},{\"@type\":\"BreadcrumbList\",\"@id\":\"https:\\\/\\\/www.preabsacheol.ie\\\/en\\\/siopa\\\/preab-sa-cheol\\\/#breadcrumb\",\"itemListElement\":[{\"@type\":\"ListItem\",\"position\":1,\"name\":\"Home\",\"item\":\"https:\\\/\\\/www.preabsacheol.ie\\\/en\\\/\"},{\"@type\":\"ListItem\",\"position\":2,\"name\":\"Siopa\",\"item\":\"https:\\\/\\\/www.preabsacheol.ie\\\/siopa\\\/\"},{\"@type\":\"ListItem\",\"position\":3,\"name\":\"Preab sa Cheol\"}]},{\"@type\":\"WebSite\",\"@id\":\"https:\\\/\\\/www.preabsacheol.ie\\\/en\\\/#website\",\"url\":\"https:\\\/\\\/www.preabsacheol.ie\\\/en\\\/\",\"name\":\"Preab sa Cheol - Irish language pop-up book\",\"description\":\"Irish Language pop-up song book\",\"publisher\":{\"@id\":\"https:\\\/\\\/www.preabsacheol.ie\\\/en\\\/#organization\"},\"potentialAction\":[{\"@type\":\"SearchAction\",\"target\":{\"@type\":\"EntryPoint\",\"urlTemplate\":\"https:\\\/\\\/www.preabsacheol.ie\\\/en\\\/?s={search_term_string}\"},\"query-input\":{\"@type\":\"PropertyValueSpecification\",\"valueRequired\":true,\"valueName\":\"search_term_string\"}}],\"inLanguage\":\"en-US\"},{\"@type\":\"Organization\",\"@id\":\"https:\\\/\\\/www.preabsacheol.ie\\\/en\\\/#organization\",\"name\":\"Ollamh\",\"url\":\"https:\\\/\\\/www.preabsacheol.ie\\\/en\\\/\",\"logo\":{\"@type\":\"ImageObject\",\"inLanguage\":\"en-US\",\"@id\":\"https:\\\/\\\/www.preabsacheol.ie\\\/en\\\/#\\\/schema\\\/logo\\\/image\\\/\",\"url\":\"https:\\/\\/i0.wp.com\\/preabsacheol.ie\\/wp-content\\/uploads\\/2023\\/10\\/Ollamh-.png?fit=300%2C183&ssl=1\",\"contentUrl\":\"https:\\/\\/i0.wp.com\\/preabsacheol.ie\\/wp-content\\/uploads\\/2023\\/10\\/Ollamh-.png?fit=300%2C183&ssl=1\",\"width\":300,\"height\":183,\"caption\":\"Ollamh\"},\"image\":{\"@id\":\"https:\\\/\\\/www.preabsacheol.ie\\\/en\\\/#\\\/schema\\\/logo\\\/image\\\/\"},\"sameAs\":[\"https:\\\/\\\/www.facebook.com\\\/doimnic.bhride\\\/\"]}]}<\/script>\n<!-- \/ Yoast SEO plugin. -->","yoast_head_json":{"title":"Preab sa Cheol - Preab sa Cheol - Irish language pop-up book","robots":{"index":"index","follow":"follow","max-snippet":"max-snippet:-1","max-image-preview":"max-image-preview:large","max-video-preview":"max-video-preview:-1"},"canonical":"https:\/\/www.preabsacheol.ie\/en\/siopa\/preab-sa-cheol\/","og_locale":"en_US","og_type":"article","og_title":"Preab sa Cheol - Preab sa Cheol - Irish language pop-up book","og_description":"Seo an ch\u00e9ad preableabhar a rinneadh i n\u00c9irinn! Thig leat ceol a sheinm ar an leabhar seo, c\u00f3s\u00fail le uirlis cheoil! Sa leabhar seo t\u00e1 seacht n-amhr\u00e1n nua-chumtha do ph\u00e1ist\u00ed (3-11bl) at\u00e1spraoi\u00fail ach ag an am ch\u00e9anna oideachasi\u00fail.Preabann caracht\u00e9ir\u00ed suimi\u00fala an\u00edos amach as leabhar do achan amhr\u00e1n, T\u00e1drogall ar An Chrogall agus n\u00ed stadann s\u00e9&hellip;&nbsp;Read More &raquo;Preab sa Cheol","og_url":"https:\/\/www.preabsacheol.ie\/en\/siopa\/preab-sa-cheol\/","og_site_name":"Preab sa Cheol - Irish language pop-up book","article_publisher":"https:\/\/www.facebook.com\/doimnic.bhride\/","article_modified_time":"2023-10-05T13:06:37+00:00","og_image":[{"width":443,"height":613,"url":"https:\/\/mldrrwsvjesl.i.optimole.com\/w:auto\/h:auto\/q:mauto\/f:best\/https:\/\/i0.wp.com\/www.preabsacheol.ie\/wp-content\/uploads\/2023\/09\/preab-cludach-e1696932289447.png?fit=443%2C613&ssl=1","type":"image\/png"}],"twitter_card":"summary_large_image","twitter_misc":{"Est. reading time":"2 minutes"},"schema":{"@context":"https:\/\/schema.org","@graph":[{"@type":"WebPage","@id":"https:\/\/www.preabsacheol.ie\/en\/siopa\/preab-sa-cheol\/","url":"https:\/\/www.preabsacheol.ie\/en\/siopa\/preab-sa-cheol\/","name":"Preab sa Cheol - Preab sa Cheol - Irish language pop-up book","isPartOf":{"@id":"https:\/\/www.preabsacheol.ie\/en\/#website"},"primaryImageOfPage":{"@id":"https:\/\/www.preabsacheol.ie\/en\/siopa\/preab-sa-cheol\/#primaryimage"},"image":{"@id":"https:\/\/www.preabsacheol.ie\/en\/siopa\/preab-sa-cheol\/#primaryimage"},"thumbnailUrl":"https:\/\/mldrrwsvjesl.i.optimole.com\/w:auto\/h:auto\/q:mauto\/f:best\/https:\/\/i0.wp.com\/www.preabsacheol.ie\/wp-content\/uploads\/2023\/09\/preab-cludach-e1696932289447.png?fit=443%2C613&ssl=1","datePublished":"2023-09-14T19:00:54+00:00","dateModified":"2023-10-05T13:06:37+00:00","breadcrumb":{"@id":"https:\/\/www.preabsacheol.ie\/en\/siopa\/preab-sa-cheol\/#breadcrumb"},"inLanguage":"en-US","potentialAction":[{"@type":"ReadAction","target":["https:\/\/www.preabsacheol.ie\/en\/siopa\/preab-sa-cheol\/"]}]},{"@type":"ImageObject","inLanguage":"en-US","@id":"https:\/\/www.preabsacheol.ie\/en\/siopa\/preab-sa-cheol\/#primaryimage","url":"https:\/\/mldrrwsvjesl.i.optimole.com\/w:auto\/h:auto\/q:mauto\/f:best\/https:\/\/i0.wp.com\/www.preabsacheol.ie\/wp-content\/uploads\/2023\/09\/preab-cludach-e1696932289447.png?fit=443%2C613&ssl=1","contentUrl":"https:\/\/mldrrwsvjesl.i.optimole.com\/w:auto\/h:auto\/q:mauto\/f:best\/https:\/\/i0.wp.com\/www.preabsacheol.ie\/wp-content\/uploads\/2023\/09\/preab-cludach-e1696932289447.png?fit=443%2C613&ssl=1","width":443,"height":613},{"@type":"BreadcrumbList","@id":"https:\/\/www.preabsacheol.ie\/en\/siopa\/preab-sa-cheol\/#breadcrumb","itemListElement":[{"@type":"ListItem","position":1,"name":"Home","item":"https:\/\/www.preabsacheol.ie\/en\/"},{"@type":"ListItem","position":2,"name":"Siopa","item":"https:\/\/www.preabsacheol.ie\/siopa\/"},{"@type":"ListItem","position":3,"name":"Preab sa Cheol"}]},{"@type":"WebSite","@id":"https:\/\/www.preabsacheol.ie\/en\/#website","url":"https:\/\/www.preabsacheol.ie\/en\/","name":"Preab sa Cheol - Irish language pop-up book","description":"Irish Language pop-up song book","publisher":{"@id":"https:\/\/www.preabsacheol.ie\/en\/#organization"},"potentialAction":[{"@type":"SearchAction","target":{"@type":"EntryPoint","urlTemplate":"https:\/\/www.preabsacheol.ie\/en\/?s={search_term_string}"},"query-input":{"@type":"PropertyValueSpecification","valueRequired":true,"valueName":"search_term_string"}}],"inLanguage":"en-US"},{"@type":"Organization","@id":"https:\/\/www.preabsacheol.ie\/en\/#organization","name":"Ollamh","url":"https:\/\/www.preabsacheol.ie\/en\/","logo":{"@type":"ImageObject","inLanguage":"en-US","@id":"https:\/\/www.preabsacheol.ie\/en\/#\/schema\/logo\/image\/","url":"https:\/\/mldrrwsvjesl.i.optimole.com\/w:auto\/h:auto\/q:mauto\/f:best\/https:\/\/i0.wp.com\/preabsacheol.ie\/wp-content\/uploads\/2023\/10\/Ollamh-.png?fit=300%2C183&ssl=1","contentUrl":"https:\/\/mldrrwsvjesl.i.optimole.com\/w:auto\/h:auto\/q:mauto\/f:best\/https:\/\/i0.wp.com\/preabsacheol.ie\/wp-content\/uploads\/2023\/10\/Ollamh-.png?fit=300%2C183&ssl=1","width":300,"height":183,"caption":"Ollamh"},"image":{"@id":"https:\/\/www.preabsacheol.ie\/en\/#\/schema\/logo\/image\/"},"sameAs":["https:\/\/www.facebook.com\/doimnic.bhride\/"]}]}},"jetpack_sharing_enabled":true,"_links":{"self":[{"href":"https:\/\/www.preabsacheol.ie\/en\/wp-json\/wp\/v2\/product\/558","targetHints":{"allow":["GET"]}}],"collection":[{"href":"https:\/\/www.preabsacheol.ie\/en\/wp-json\/wp\/v2\/product"}],"about":[{"href":"https:\/\/www.preabsacheol.ie\/en\/wp-json\/wp\/v2\/types\/product"}],"wp:featuredmedia":[{"embeddable":true,"href":"https:\/\/www.preabsacheol.ie\/en\/wp-json\/wp\/v2\/media\/270"}],"wp:attachment":[{"href":"https:\/\/www.preabsacheol.ie\/en\/wp-json\/wp\/v2\/media?parent=558"}],"wp:term":[{"taxonomy":"product_brand","embeddable":true,"href":"https:\/\/www.preabsacheol.ie\/en\/wp-json\/wp\/v2\/product_brand?post=558"},{"taxonomy":"product_cat","embeddable":true,"href":"https:\/\/www.preabsacheol.ie\/en\/wp-json\/wp\/v2\/product_cat?post=558"},{"taxonomy":"product_tag","embeddable":true,"href":"https:\/\/www.preabsacheol.ie\/en\/wp-json\/wp\/v2\/product_tag?post=558"}],"curies":[{"name":"wp","href":"https:\/\/api.w.org\/{rel}","templated":true}]}}